{"id":13051,"date":"2022-05-11T11:45:58","date_gmt":"2022-05-11T11:45:58","guid":{"rendered":"https:\/\/ikonisch.pt\/produtos\/silla-modelo-no-17-michael-thonet\/"},"modified":"2023-06-02T15:39:07","modified_gmt":"2023-06-02T15:39:07","slug":"conjunto-sillas-modelo-no-17-michael-thonet","status":"publish","type":"product","link":"https:\/\/ikonisch.pt\/es\/produtos\/conjunto-sillas-modelo-no-17-michael-thonet\/","title":{"rendered":"Conjunto Sillas Modelo N\u00ba 17 Michael Thonet"},"content":{"rendered":"","protected":false},"excerpt":{"rendered":"<p><span data-sheets-value=\"{&quot;1&quot;:2,&quot;2&quot;:&quot;Silla dise\u00f1ada por Michael Thonet, quien en 1830 invent\u00f3 una m\u00e1quina para producir piezas de madera curvada. Estructura de madera curvada pintada, asiento y respaldo de rat\u00e1n.nnAtenci\u00f3n: Valor unitario&quot;}\" data-sheets-userformat=\"{&quot;2&quot;:5057,&quot;3&quot;:{&quot;1&quot;:0},&quot;9&quot;:0,&quot;10&quot;:0,&quot;11&quot;:4,&quot;12&quot;:0,&quot;15&quot;:&quot;Arial&quot;}\">Conjunto de 4 sillas dise\u00f1adas por Michael Thonet, quien en 1830 invent\u00f3 una m\u00e1quina para producir piezas de madera curvada. Estructura de madera curvada pintada, asiento y respaldo de rat\u00e1n.<\/span><\/p>\n<p>Atenci\u00f3n: Valor conjunto.<\/p>\n","protected":false},"featured_media":15208,"template":"","meta":{"_acf_changed":false,"inline_featured_image":false},"product_brand":[],"product_cat":[690,689],"product_tag":[837],"class_list":{"0":"post-13051","1":"product","2":"type-product","3":"status-publish","4":"has-post-thumbnail","6":"product_cat-hogar","7":"product_cat-sillas","8":"product_tag-thonet-es","10":"first","11":"outofstock","12":"shipping-taxable","13":"purchasable","14":"product-type-simple"},"acf":[],"aioseo_notices":[],"_links":{"self":[{"href":"https:\/\/ikonisch.pt\/es\/wp-json\/wp\/v2\/product\/13051","targetHints":{"allow":["GET"]}}],"collection":[{"href":"https:\/\/ikonisch.pt\/es\/wp-json\/wp\/v2\/product"}],"about":[{"href":"https:\/\/ikonisch.pt\/es\/wp-json\/wp\/v2\/types\/product"}],"wp:featuredmedia":[{"embeddable":true,"href":"https:\/\/ikonisch.pt\/es\/wp-json\/wp\/v2\/media\/15208"}],"wp:attachment":[{"href":"https:\/\/ikonisch.pt\/es\/wp-json\/wp\/v2\/media?parent=13051"}],"wp:term":[{"taxonomy":"product_brand","embeddable":true,"href":"https:\/\/ikonisch.pt\/es\/wp-json\/wp\/v2\/product_brand?post=13051"},{"taxonomy":"product_cat","embeddable":true,"href":"https:\/\/ikonisch.pt\/es\/wp-json\/wp\/v2\/product_cat?post=13051"},{"taxonomy":"product_tag","embeddable":true,"href":"https:\/\/ikonisch.pt\/es\/wp-json\/wp\/v2\/product_tag?post=13051"}],"curies":[{"name":"wp","href":"https:\/\/api.w.org\/{rel}","templated":true}]}}