{"id":13052,"date":"2022-03-11T12:45:13","date_gmt":"2022-03-11T12:45:13","guid":{"rendered":"https:\/\/ikonisch.pt\/produtos\/silla-supporto-alta-fija-hille\/"},"modified":"2022-03-11T12:45:13","modified_gmt":"2022-03-11T12:45:13","slug":"silla-supporto-alta-fija-hille","status":"publish","type":"product","link":"https:\/\/ikonisch.pt\/es\/produtos\/silla-supporto-alta-fija-hille\/","title":{"rendered":"Silla Supporto (Alta Fija) &#8211; Hille"},"content":{"rendered":"","protected":false},"excerpt":{"rendered":"<p>Dise\u00f1ada por Frederick Scott para Hille, la silla Supporto se distingue por su calidad de construcci\u00f3n y sus materiales nobles. Uno de los prop\u00f3sitos de esta silla es promover la comodidad para aquellos que se sientan durante largos per\u00edodos de tiempo. Esta caracter\u00edstica ergon\u00f3mica se combina con un dise\u00f1o que rompe con las tendencias de la \u00e9poca, llegando a influenciar el mobiliario de oficina hasta nuestros d\u00edas. Scott recibi\u00f3 varios premios, entre ellos el Design Council&#8217;s Design Award en 1982. Silla giratoria con respaldo alto y brazos fijos. Pies y estructura trasera de aluminio moldeado pintado en color antracita. Tapicer\u00eda revestida de cuero natural negro. Sistema de elevaci\u00f3n neum\u00e1tica y respaldo reclinable con memoria.<\/p>\n","protected":false},"featured_media":15311,"template":"","meta":{"_acf_changed":false,"inline_featured_image":false},"product_brand":[],"product_cat":[691],"product_tag":[765],"class_list":{"0":"post-13052","1":"product","2":"type-product","3":"status-publish","4":"has-post-thumbnail","6":"product_cat-oficina","7":"product_tag-hille-es","9":"first","10":"outofstock","11":"shipping-taxable","12":"purchasable","13":"product-type-simple"},"acf":[],"aioseo_notices":[],"_links":{"self":[{"href":"https:\/\/ikonisch.pt\/es\/wp-json\/wp\/v2\/product\/13052","targetHints":{"allow":["GET"]}}],"collection":[{"href":"https:\/\/ikonisch.pt\/es\/wp-json\/wp\/v2\/product"}],"about":[{"href":"https:\/\/ikonisch.pt\/es\/wp-json\/wp\/v2\/types\/product"}],"wp:featuredmedia":[{"embeddable":true,"href":"https:\/\/ikonisch.pt\/es\/wp-json\/wp\/v2\/media\/15311"}],"wp:attachment":[{"href":"https:\/\/ikonisch.pt\/es\/wp-json\/wp\/v2\/media?parent=13052"}],"wp:term":[{"taxonomy":"product_brand","embeddable":true,"href":"https:\/\/ikonisch.pt\/es\/wp-json\/wp\/v2\/product_brand?post=13052"},{"taxonomy":"product_cat","embeddable":true,"href":"https:\/\/ikonisch.pt\/es\/wp-json\/wp\/v2\/product_cat?post=13052"},{"taxonomy":"product_tag","embeddable":true,"href":"https:\/\/ikonisch.pt\/es\/wp-json\/wp\/v2\/product_tag?post=13052"}],"curies":[{"name":"wp","href":"https:\/\/api.w.org\/{rel}","templated":true}]}}