{"id":13053,"date":"2022-03-09T18:44:12","date_gmt":"2022-03-09T18:44:12","guid":{"rendered":"https:\/\/ikonisch.pt\/produtos\/lampara-de-pie-jill-arteluce\/"},"modified":"2024-12-19T14:34:18","modified_gmt":"2024-12-19T14:34:18","slug":"lampara-de-pie-jill-arteluce","status":"publish","type":"product","link":"https:\/\/ikonisch.pt\/es\/produtos\/lampara-de-pie-jill-arteluce\/","title":{"rendered":"L\u00e1mpara de pie Jill &#8211; Arteluce"},"content":{"rendered":"","protected":false},"excerpt":{"rendered":"<p>Dise\u00f1ada por Perry King, Santiago Miranda y Gianluigi Arnaldi para Arteluce, el modelo Jill es una l\u00e1mpara de pie de metal esmaltado en color antracita. Difusor y base de cristal de Murano blanco esmerilado. Ajuste regulable de la base de la l\u00e1mpara. Puede utilizarse con una l\u00e1mpara hal\u00f3gena.<\/p>\n","protected":false},"featured_media":10466,"template":"","meta":{"_acf_changed":false,"inline_featured_image":false},"product_brand":[],"product_cat":[693],"product_tag":[715,2216,2214,2215],"class_list":{"0":"post-13053","1":"product","2":"type-product","3":"status-publish","4":"has-post-thumbnail","6":"product_cat-iluminacion","7":"product_tag-arteluce-es","8":"product_tag-gianluigi-arnaldi-es","9":"product_tag-perry-king-es","10":"product_tag-santiago-miranda-es","12":"first","13":"outofstock","14":"shipping-taxable","15":"purchasable","16":"product-type-simple"},"acf":[],"aioseo_notices":[],"_links":{"self":[{"href":"https:\/\/ikonisch.pt\/es\/wp-json\/wp\/v2\/product\/13053","targetHints":{"allow":["GET"]}}],"collection":[{"href":"https:\/\/ikonisch.pt\/es\/wp-json\/wp\/v2\/product"}],"about":[{"href":"https:\/\/ikonisch.pt\/es\/wp-json\/wp\/v2\/types\/product"}],"wp:featuredmedia":[{"embeddable":true,"href":"https:\/\/ikonisch.pt\/es\/wp-json\/wp\/v2\/media\/10466"}],"wp:attachment":[{"href":"https:\/\/ikonisch.pt\/es\/wp-json\/wp\/v2\/media?parent=13053"}],"wp:term":[{"taxonomy":"product_brand","embeddable":true,"href":"https:\/\/ikonisch.pt\/es\/wp-json\/wp\/v2\/product_brand?post=13053"},{"taxonomy":"product_cat","embeddable":true,"href":"https:\/\/ikonisch.pt\/es\/wp-json\/wp\/v2\/product_cat?post=13053"},{"taxonomy":"product_tag","embeddable":true,"href":"https:\/\/ikonisch.pt\/es\/wp-json\/wp\/v2\/product_tag?post=13053"}],"curies":[{"name":"wp","href":"https:\/\/api.w.org\/{rel}","templated":true}]}}