{"id":13057,"date":"2023-02-01T12:39:02","date_gmt":"2023-02-01T12:39:02","guid":{"rendered":"https:\/\/ikonisch.pt\/produtos\/lampara-de-pie-flos-ktribe-floor\/"},"modified":"2024-04-22T12:13:29","modified_gmt":"2024-04-22T12:13:29","slug":"lampara-de-pie-flos-ktribe-floor","status":"publish","type":"product","link":"https:\/\/ikonisch.pt\/es\/produtos\/lampara-de-pie-flos-ktribe-floor\/","title":{"rendered":"L\u00e1mpara de pie Flos KTribe Floor"},"content":{"rendered":"<p><br data-mce-bogus=\"1\"><\/p>\n","protected":false},"excerpt":{"rendered":"<p>L\u00e1mpara de pie dise\u00f1ada por Philippe Starck en 2007 para FLOS.<\/p>\n<p>La l\u00e1mpara KTribe F1 sigue los t\u00edpicos trazos de dise\u00f1o de Starck, en especial por la forma simplificada y minimalista, siendo una versi\u00f3n modernizada y reinterpretada de las l\u00e1mparas cl\u00e1sicas.<\/p>\n<p>Ofrece tanto iluminaci\u00f3n directa como difusa, cuenta con un brazo giratorio y dimmer para un \u00f3ptimo control de la luz. Base y v\u00e1stago de soporte el aleaci\u00f3n de Zamak fundido, pulido y cromado. Brazo y soporte de difusor en tubo de aluminio pulido. Difusor interno en policarbonato color \u00f3palo. L\u00e1mpara en tejido. Boquilla E27 con interruptor ubicado pr\u00f3ximo al difusor.<\/p>\n","protected":false},"featured_media":11384,"template":"","meta":{"_acf_changed":false,"inline_featured_image":false},"product_brand":[],"product_cat":[693],"product_tag":[907,908],"class_list":{"0":"post-13057","1":"product","2":"type-product","3":"status-publish","4":"has-post-thumbnail","6":"product_cat-iluminacion","7":"product_tag-flos-es","8":"product_tag-philippe-starck-es","10":"first","11":"outofstock","12":"shipping-taxable","13":"purchasable","14":"product-type-simple"},"acf":[],"aioseo_notices":[],"_links":{"self":[{"href":"https:\/\/ikonisch.pt\/es\/wp-json\/wp\/v2\/product\/13057","targetHints":{"allow":["GET"]}}],"collection":[{"href":"https:\/\/ikonisch.pt\/es\/wp-json\/wp\/v2\/product"}],"about":[{"href":"https:\/\/ikonisch.pt\/es\/wp-json\/wp\/v2\/types\/product"}],"wp:featuredmedia":[{"embeddable":true,"href":"https:\/\/ikonisch.pt\/es\/wp-json\/wp\/v2\/media\/11384"}],"wp:attachment":[{"href":"https:\/\/ikonisch.pt\/es\/wp-json\/wp\/v2\/media?parent=13057"}],"wp:term":[{"taxonomy":"product_brand","embeddable":true,"href":"https:\/\/ikonisch.pt\/es\/wp-json\/wp\/v2\/product_brand?post=13057"},{"taxonomy":"product_cat","embeddable":true,"href":"https:\/\/ikonisch.pt\/es\/wp-json\/wp\/v2\/product_cat?post=13057"},{"taxonomy":"product_tag","embeddable":true,"href":"https:\/\/ikonisch.pt\/es\/wp-json\/wp\/v2\/product_tag?post=13057"}],"curies":[{"name":"wp","href":"https:\/\/api.w.org\/{rel}","templated":true}]}}