{"id":13058,"date":"2023-01-10T16:47:37","date_gmt":"2023-01-10T16:47:37","guid":{"rendered":"https:\/\/ikonisch.pt\/produtos\/lampara-de-mesa-flos-archimoon\/"},"modified":"2023-05-12T15:33:30","modified_gmt":"2023-05-12T15:33:30","slug":"lampara-de-mesa-flos-archimoon","status":"publish","type":"product","link":"https:\/\/ikonisch.pt\/es\/produtos\/lampara-de-mesa-flos-archimoon\/","title":{"rendered":"L\u00e1mpara de mesa Flos Archimoon"},"content":{"rendered":"","protected":false},"excerpt":{"rendered":"<p>L\u00e1mpara contempor\u00e1nea de mesa dise\u00f1ada por Philippe Starck en 2004. Los dise\u00f1os de Philippe Starck siempre buscan generar una conciencia pol\u00edtica y c\u00edvica m\u00e1s profunda. Su trabajo es al mismo tiempo pr\u00e1ctico y dise\u00f1ado en vista de la durabilidad. Piezas como Archimoon redefinen el significado de \u00abstatement peace\u00bb. La l\u00e1mpara posee un brazo completamente flexible en aluminio plateado con resortes que proporcionan un brazo con movimiento paralelo. La pantalla de la l\u00e1mpara, hecha de tejido Plisse, se mueve horizontalmente a la mesa y tiene un difusor interno de vidrio opal, proporcionando tanto iluminaci\u00f3n directa como difusa. Boquilla G9 con interruptor en la base.<\/p>\n","protected":false},"featured_media":11411,"template":"","meta":{"_acf_changed":false,"inline_featured_image":false},"product_brand":[],"product_cat":[693],"product_tag":[907,908],"class_list":{"0":"post-13058","1":"product","2":"type-product","3":"status-publish","4":"has-post-thumbnail","6":"product_cat-iluminacion","7":"product_tag-flos-es","8":"product_tag-philippe-starck-es","10":"first","11":"outofstock","12":"shipping-taxable","13":"purchasable","14":"product-type-simple"},"acf":[],"aioseo_notices":[],"_links":{"self":[{"href":"https:\/\/ikonisch.pt\/es\/wp-json\/wp\/v2\/product\/13058","targetHints":{"allow":["GET"]}}],"collection":[{"href":"https:\/\/ikonisch.pt\/es\/wp-json\/wp\/v2\/product"}],"about":[{"href":"https:\/\/ikonisch.pt\/es\/wp-json\/wp\/v2\/types\/product"}],"wp:featuredmedia":[{"embeddable":true,"href":"https:\/\/ikonisch.pt\/es\/wp-json\/wp\/v2\/media\/11411"}],"wp:attachment":[{"href":"https:\/\/ikonisch.pt\/es\/wp-json\/wp\/v2\/media?parent=13058"}],"wp:term":[{"taxonomy":"product_brand","embeddable":true,"href":"https:\/\/ikonisch.pt\/es\/wp-json\/wp\/v2\/product_brand?post=13058"},{"taxonomy":"product_cat","embeddable":true,"href":"https:\/\/ikonisch.pt\/es\/wp-json\/wp\/v2\/product_cat?post=13058"},{"taxonomy":"product_tag","embeddable":true,"href":"https:\/\/ikonisch.pt\/es\/wp-json\/wp\/v2\/product_tag?post=13058"}],"curies":[{"name":"wp","href":"https:\/\/api.w.org\/{rel}","templated":true}]}}