{"id":13059,"date":"2022-11-11T18:46:19","date_gmt":"2022-11-11T18:46:19","guid":{"rendered":"https:\/\/ikonisch.pt\/produtos\/juego-de-sofas-jmm\/"},"modified":"2024-12-19T14:29:23","modified_gmt":"2024-12-19T14:29:23","slug":"juego-de-sofas-jmm","status":"publish","type":"product","link":"https:\/\/ikonisch.pt\/es\/produtos\/juego-de-sofas-jmm\/","title":{"rendered":"Juego de Sof\u00e1s &#8211; JMM"},"content":{"rendered":"","protected":false},"excerpt":{"rendered":"<p>Juego de sof\u00e1 doble e individual dise\u00f1ado por Jos\u00e9 Mart\u00ednez Medina para JMM. Estructura de madera recubierta de espuma con funda de tejido de microfibra verde. Reposacabezas abatible con fijaci\u00f3n.<\/p>\n","protected":false},"featured_media":11063,"template":"","meta":{"_acf_changed":false,"inline_featured_image":false},"product_brand":[],"product_cat":[690,697],"product_tag":[771,2201],"class_list":{"0":"post-13059","1":"product","2":"type-product","3":"status-publish","4":"has-post-thumbnail","6":"product_cat-hogar","7":"product_cat-sofas-y-sillones","8":"product_tag-jmm-es","9":"product_tag-jose-martinez-medina-es","11":"first","12":"outofstock","13":"shipping-taxable","14":"purchasable","15":"product-type-simple"},"acf":[],"aioseo_notices":[],"_links":{"self":[{"href":"https:\/\/ikonisch.pt\/es\/wp-json\/wp\/v2\/product\/13059","targetHints":{"allow":["GET"]}}],"collection":[{"href":"https:\/\/ikonisch.pt\/es\/wp-json\/wp\/v2\/product"}],"about":[{"href":"https:\/\/ikonisch.pt\/es\/wp-json\/wp\/v2\/types\/product"}],"wp:featuredmedia":[{"embeddable":true,"href":"https:\/\/ikonisch.pt\/es\/wp-json\/wp\/v2\/media\/11063"}],"wp:attachment":[{"href":"https:\/\/ikonisch.pt\/es\/wp-json\/wp\/v2\/media?parent=13059"}],"wp:term":[{"taxonomy":"product_brand","embeddable":true,"href":"https:\/\/ikonisch.pt\/es\/wp-json\/wp\/v2\/product_brand?post=13059"},{"taxonomy":"product_cat","embeddable":true,"href":"https:\/\/ikonisch.pt\/es\/wp-json\/wp\/v2\/product_cat?post=13059"},{"taxonomy":"product_tag","embeddable":true,"href":"https:\/\/ikonisch.pt\/es\/wp-json\/wp\/v2\/product_tag?post=13059"}],"curies":[{"name":"wp","href":"https:\/\/api.w.org\/{rel}","templated":true}]}}