{"id":13070,"date":"2021-09-01T11:49:28","date_gmt":"2021-09-01T11:49:28","guid":{"rendered":"https:\/\/ikonisch.pt\/produtos\/silla-golf-brunner\/"},"modified":"2023-05-19T14:27:50","modified_gmt":"2023-05-19T14:27:50","slug":"silla-golf-brunner","status":"publish","type":"product","link":"https:\/\/ikonisch.pt\/es\/produtos\/silla-golf-brunner\/","title":{"rendered":"Silla Golf &#8211; Brunner"},"content":{"rendered":"<p>En 1977, en una camioneta VW Bulli de segunda mano, Rolf y Helena Brunner comenzaron a completar la solicitud de un cliente que sus antiguos empleadores hab\u00edan declarado \u00abimposible\u00bb. Al mismo tiempo, decidieron fundar su propia empresa. Hoy, m\u00e1s de 40 a\u00f1os despu\u00e9s, el principio sigue siendo el mismo: \u00abNuestra pr\u00f3xima innovaci\u00f3n puede ser cualquier cosa &#8211; solo no imposible.\u00bb En este nuevo orden mundial, afirmamos: \u00abnuestro mobiliario debe cambiar y redefinir l\u00edmites &#8211; para ello trabajamos incansablemente, incomparablemente y a veces de forma no convencional.\u00bb<\/p>\n","protected":false},"excerpt":{"rendered":"<p>Silla con estructura en acero cromado y aluminio en los reposabrazos, asiento y respaldo en tejido de color a elecci\u00f3n. Terminales en aluminio regulables y deslizantes.<\/p>\n<p>Atenci\u00f3n: Valor unitario<\/p>\n","protected":false},"featured_media":15184,"template":"","meta":{"_acf_changed":false,"inline_featured_image":false},"product_brand":[],"product_cat":[689],"product_tag":[727],"class_list":{"0":"post-13070","1":"product","2":"type-product","3":"status-publish","4":"has-post-thumbnail","6":"product_cat-sillas","7":"product_tag-brunner-group-es","9":"first","10":"outofstock","11":"shipping-taxable","12":"purchasable","13":"product-type-simple"},"acf":[],"aioseo_notices":[],"_links":{"self":[{"href":"https:\/\/ikonisch.pt\/es\/wp-json\/wp\/v2\/product\/13070","targetHints":{"allow":["GET"]}}],"collection":[{"href":"https:\/\/ikonisch.pt\/es\/wp-json\/wp\/v2\/product"}],"about":[{"href":"https:\/\/ikonisch.pt\/es\/wp-json\/wp\/v2\/types\/product"}],"wp:featuredmedia":[{"embeddable":true,"href":"https:\/\/ikonisch.pt\/es\/wp-json\/wp\/v2\/media\/15184"}],"wp:attachment":[{"href":"https:\/\/ikonisch.pt\/es\/wp-json\/wp\/v2\/media?parent=13070"}],"wp:term":[{"taxonomy":"product_brand","embeddable":true,"href":"https:\/\/ikonisch.pt\/es\/wp-json\/wp\/v2\/product_brand?post=13070"},{"taxonomy":"product_cat","embeddable":true,"href":"https:\/\/ikonisch.pt\/es\/wp-json\/wp\/v2\/product_cat?post=13070"},{"taxonomy":"product_tag","embeddable":true,"href":"https:\/\/ikonisch.pt\/es\/wp-json\/wp\/v2\/product_tag?post=13070"}],"curies":[{"name":"wp","href":"https:\/\/api.w.org\/{rel}","templated":true}]}}