{"id":13071,"date":"2021-09-01T11:48:48","date_gmt":"2021-09-01T11:48:48","guid":{"rendered":"https:\/\/ikonisch.pt\/produtos\/silla-la-fonda-vitra\/"},"modified":"2021-09-01T11:48:48","modified_gmt":"2021-09-01T11:48:48","slug":"silla-la-fonda-vitra","status":"publish","type":"product","link":"https:\/\/ikonisch.pt\/es\/produtos\/silla-la-fonda-vitra\/","title":{"rendered":"Silla La Fonda &#8211; Vitra"},"content":{"rendered":"<p>Vitra es una empresa Suiza que se dedica a mejorar la calidad de las casas, oficinas y espacios p\u00fablicos a trav\u00e9s del poder del dise\u00f1o. Una colecci\u00f3n Vitra presenta diversos productos ic\u00f3nicos de dise\u00f1adores de renombre mundial, como Lounge Chair de Ray &amp; Charles Eames e Panton Chair con el nombre propio Verner Panton. Los diferentes estilos de la marca demuestran su versatilidad y cada dise\u00f1ador individual tiene una firma propia de dise\u00f1o.<\/p>\n","protected":false},"excerpt":{"rendered":"<p>En 1961 Charles y Ray Eames dise\u00f1aron dos nuevos modelos de sillas, en fibra de vidrio. En causa estaba un pedido de un amigo del matrimonio, Alexander Girard, para la concepci\u00f3n de estos dos objetos para incluir en su nuevo restaurante, La Fonda de el Sol, en Nueva York. Como resultado de este trabajo surgen las: \u00absilla lateral\u00bb e \u00absilla de brazo\u00bb La Fonda. Ic\u00f3nicas hasta el d\u00eda de hoy, estas sillas se tornaron un objeto de deseo por su rareza.<\/p>\n<p>Este modelo de brazos La Fonda es la edici\u00f3n de 2008 para Vitra. Su respaldo es de pl\u00e1stico &#8211; a diferencia de las versiones de fibra de vidrio de los a\u00f1os 60 producidas por Herman Miller. La estructura de la base es de aluminio pulido y el asiento se encuentra tapizado con tejido azul original ref.\u00aa84.<\/p>\n","protected":false},"featured_media":9954,"template":"","meta":{"_acf_changed":false,"inline_featured_image":false},"product_brand":[],"product_cat":[698,689],"product_tag":[735,848],"class_list":{"0":"post-13071","1":"product","2":"type-product","3":"status-publish","4":"has-post-thumbnail","6":"product_cat-coleccion-vintage","7":"product_cat-sillas","8":"product_tag-charles-ray-eames-es","9":"product_tag-vitra-es","11":"first","12":"outofstock","13":"shipping-taxable","14":"purchasable","15":"product-type-simple"},"acf":[],"aioseo_notices":[],"_links":{"self":[{"href":"https:\/\/ikonisch.pt\/es\/wp-json\/wp\/v2\/product\/13071","targetHints":{"allow":["GET"]}}],"collection":[{"href":"https:\/\/ikonisch.pt\/es\/wp-json\/wp\/v2\/product"}],"about":[{"href":"https:\/\/ikonisch.pt\/es\/wp-json\/wp\/v2\/types\/product"}],"wp:featuredmedia":[{"embeddable":true,"href":"https:\/\/ikonisch.pt\/es\/wp-json\/wp\/v2\/media\/9954"}],"wp:attachment":[{"href":"https:\/\/ikonisch.pt\/es\/wp-json\/wp\/v2\/media?parent=13071"}],"wp:term":[{"taxonomy":"product_brand","embeddable":true,"href":"https:\/\/ikonisch.pt\/es\/wp-json\/wp\/v2\/product_brand?post=13071"},{"taxonomy":"product_cat","embeddable":true,"href":"https:\/\/ikonisch.pt\/es\/wp-json\/wp\/v2\/product_cat?post=13071"},{"taxonomy":"product_tag","embeddable":true,"href":"https:\/\/ikonisch.pt\/es\/wp-json\/wp\/v2\/product_tag?post=13071"}],"curies":[{"name":"wp","href":"https:\/\/api.w.org\/{rel}","templated":true}]}}