{"id":13074,"date":"2021-09-01T11:49:12","date_gmt":"2021-09-01T11:49:12","guid":{"rendered":"https:\/\/ikonisch.pt\/produtos\/silla-visitante-caper-herman-miller\/"},"modified":"2021-09-01T11:49:12","modified_gmt":"2021-09-01T11:49:12","slug":"silla-visitante-caper-herman-miller","status":"publish","type":"product","link":"https:\/\/ikonisch.pt\/es\/produtos\/silla-visitante-caper-herman-miller\/","title":{"rendered":"Silla Visitante Caper &#8211; Herman Miller"},"content":{"rendered":"<p>Herman Miller es una empresa americana que concentra sus actividades europeas en mobiliario de oficina. Es por eso m\u00e1s conocida por sus sillas de escritorio con un confort incomparable y dise\u00f1o ergon\u00f3mico, como las sillas Aeron y Mirra. Con una extensa l\u00ednea de productos, incluidos mesas, sof\u00e1s y otros mobiliarios de escritorio, Herman Miller ocupa una posici\u00f3n \u00fanica entre los fabricantes de mobiliario por haber cautivado el talento de un gran n\u00famero de dise\u00f1adores modernistas, produciendo un n\u00famero significativo de piezas que son hoy consideradas \u00edconos de dise\u00f1o industrial.<\/p>\n","protected":false},"excerpt":{"rendered":"<p>Silla de 4 pies con terminales en PP y reposabrazos fijos. Asiento y respaldo en PP moldeado y perforado. Apilable y ligera.<\/p>\n","protected":false},"featured_media":15314,"template":"","meta":{"_acf_changed":false,"inline_featured_image":false},"product_brand":[],"product_cat":[691],"product_tag":[763,2204],"class_list":{"0":"post-13074","1":"product","2":"type-product","3":"status-publish","4":"has-post-thumbnail","6":"product_cat-oficina","7":"product_tag-herman-miller-es","8":"product_tag-jeff-weber-es","10":"first","11":"outofstock","12":"shipping-taxable","13":"purchasable","14":"product-type-simple"},"acf":[],"aioseo_notices":[],"_links":{"self":[{"href":"https:\/\/ikonisch.pt\/es\/wp-json\/wp\/v2\/product\/13074","targetHints":{"allow":["GET"]}}],"collection":[{"href":"https:\/\/ikonisch.pt\/es\/wp-json\/wp\/v2\/product"}],"about":[{"href":"https:\/\/ikonisch.pt\/es\/wp-json\/wp\/v2\/types\/product"}],"wp:featuredmedia":[{"embeddable":true,"href":"https:\/\/ikonisch.pt\/es\/wp-json\/wp\/v2\/media\/15314"}],"wp:attachment":[{"href":"https:\/\/ikonisch.pt\/es\/wp-json\/wp\/v2\/media?parent=13074"}],"wp:term":[{"taxonomy":"product_brand","embeddable":true,"href":"https:\/\/ikonisch.pt\/es\/wp-json\/wp\/v2\/product_brand?post=13074"},{"taxonomy":"product_cat","embeddable":true,"href":"https:\/\/ikonisch.pt\/es\/wp-json\/wp\/v2\/product_cat?post=13074"},{"taxonomy":"product_tag","embeddable":true,"href":"https:\/\/ikonisch.pt\/es\/wp-json\/wp\/v2\/product_tag?post=13074"}],"curies":[{"name":"wp","href":"https:\/\/api.w.org\/{rel}","templated":true}]}}