{"id":13075,"date":"2021-09-01T11:49:12","date_gmt":"2021-09-01T11:49:12","guid":{"rendered":"https:\/\/ikonisch.pt\/produtos\/silla-dsc-106-castelli\/"},"modified":"2024-10-18T08:59:46","modified_gmt":"2024-10-18T08:59:46","slug":"silla-dsc-106-castelli","status":"publish","type":"product","link":"https:\/\/ikonisch.pt\/es\/produtos\/silla-dsc-106-castelli\/","title":{"rendered":"Silla DSC 106 &#8211; Castelli"},"content":{"rendered":"<p>La empresa de dise\u00f1o, italiana, comenz\u00f3 en 1877, cuando Ettore Castelli fund\u00f3 una peque\u00f1a oficina en Bolonia. En 1939, la empresa pas\u00f3 a llamarse Anonima Castelli y comenz\u00f3 a producir mobiliario de oficina modernos, por los cuales la marca es m\u00e1s conocida en el mercado vintage. Es reconocida como uno de los principales fabricantes de dise\u00f1o italiano del siglo 20 y como productora de la ic\u00f3nica silla Plia. Castelli recibi\u00f3 cuatro premios Compasso d&#8217;Oro entre 1981 y 1991. En 1992, Castelli se torn\u00f3 parte del Grupo Haworth. Hoy, Castelli es especializada en la producci\u00f3n de productos ecol\u00f3gicamente correctos y sustentables.<\/p>\n","protected":false},"excerpt":{"rendered":"<p>Dise\u00f1ada por Giancarlo Piretti y fabricada por Anonima Castelli, la silla DSC 106 continua siendo un suceso despu\u00e9s de 57 a\u00f1os de su lanzamiento. La estructura en acero soporta el asiento y el respaldo en contraplacado moldeado, espuma revestida en tejido. Este modelo es apilable y cuenta con reposabrazos (extra\u00edbles).<\/p>\n<p>s\u00f3lo disponible en color morado.<\/p>\n<p>Atenci\u00f3n: Valor unitario<\/p>\n<p>Realizamos entregas a nivel mundial. Para env\u00edos fuera de Portugal y Espa\u00f1a, por favor, cont\u00e1ctenos para recibir un presupuesto personalizado.<\/p>\n<p>Para m\u00e1s informaci\u00f3n sobre precios, p\u00f3ngase en contacto con nosotros por correo electr\u00f3nico en\u00a0<a href=\"mailto:info@ikonisch.pt\"><strong>info@ikonisch.pt<\/strong><\/a>\u00a0o por tel\u00e9fono en el\u00a0<strong>+351 913 068 270<\/strong>.<\/p>\n","protected":false},"featured_media":31155,"template":"","meta":{"_acf_changed":false,"inline_featured_image":false},"product_brand":[],"product_cat":[689],"product_tag":[733],"class_list":{"0":"post-13075","1":"product","2":"type-product","3":"status-publish","4":"has-post-thumbnail","6":"product_cat-sillas","7":"product_tag-castelli-es","9":"first","10":"outofstock","11":"shipping-taxable","12":"purchasable","13":"product-type-simple"},"acf":[],"aioseo_notices":[],"_links":{"self":[{"href":"https:\/\/ikonisch.pt\/es\/wp-json\/wp\/v2\/product\/13075","targetHints":{"allow":["GET"]}}],"collection":[{"href":"https:\/\/ikonisch.pt\/es\/wp-json\/wp\/v2\/product"}],"about":[{"href":"https:\/\/ikonisch.pt\/es\/wp-json\/wp\/v2\/types\/product"}],"wp:featuredmedia":[{"embeddable":true,"href":"https:\/\/ikonisch.pt\/es\/wp-json\/wp\/v2\/media\/31155"}],"wp:attachment":[{"href":"https:\/\/ikonisch.pt\/es\/wp-json\/wp\/v2\/media?parent=13075"}],"wp:term":[{"taxonomy":"product_brand","embeddable":true,"href":"https:\/\/ikonisch.pt\/es\/wp-json\/wp\/v2\/product_brand?post=13075"},{"taxonomy":"product_cat","embeddable":true,"href":"https:\/\/ikonisch.pt\/es\/wp-json\/wp\/v2\/product_cat?post=13075"},{"taxonomy":"product_tag","embeddable":true,"href":"https:\/\/ikonisch.pt\/es\/wp-json\/wp\/v2\/product_tag?post=13075"}],"curies":[{"name":"wp","href":"https:\/\/api.w.org\/{rel}","templated":true}]}}