{"id":13079,"date":"2021-09-01T11:49:43","date_gmt":"2021-09-01T11:49:43","guid":{"rendered":"https:\/\/ikonisch.pt\/produtos\/sillas-de-lounge-niels-jorgen-replica\/"},"modified":"2021-09-01T11:49:43","modified_gmt":"2021-09-01T11:49:43","slug":"sillas-de-lounge-niels-jorgen-replica","status":"publish","type":"product","link":"https:\/\/ikonisch.pt\/es\/produtos\/sillas-de-lounge-niels-jorgen-replica\/","title":{"rendered":"Silla String Estilo Dan\u00e9s"},"content":{"rendered":"<p>\u00ab\u201cSi no fueron capaz de crear mobiliario funcionales, es mejor dedicarse a cualquier otra cosa.\u201d<\/p>\n<p>Este sentimiento sincero fue expresado por uno de los granes nombres del dise\u00f1o dinamarqu\u00e9s y evidencia los elevados padrones que Niels J\u00f8rgen Haugesen aplica a su propia producci\u00f3n de mobiliario. No hay duda de que son cumplidas con exigencias rigurosas.<\/p>\n<p>En 1996, fue premiado con el M\u00f8belprisen, recibiendo anteriormente dos veces el Premio de Dise\u00f1o ID. El suceso de Haugesen se debe, en parte, a su tenacidad.<\/p>\n<p>La capacidad de preservar hasta la conclusi\u00f3n de algo es una habilidad que fue mejorada al trabajar para el estudio de dise\u00f1o de Arne Jacobsen. Ah\u00ed, pas\u00f3 cinco a\u00f1os absorbiendo todo lo que pod\u00eda acerca de dise\u00f1o de mobiliario, decoraci\u00f3n de interiores y proporci\u00f3n. Arne Jacobsen permanece hasta el d\u00eda de hoy como uno de los \u00eddolos de Haugesen, juntamente con una serie de otros dise\u00f1adores de mobiliario prominentes, de las d\u00e9cadas de 1960 y 1970.\u00bb<\/p>\n","protected":false},"excerpt":{"rendered":"<p>Silla con reposabrazos inspirada en el modelo String concebido por el dise\u00f1ador Niels J\u00f8rgen Haugesen. Estructura en madera maciza con vetas negras, asiento en tejido y respaldo de cuerdas entrelazadas.<\/p>\n","protected":false},"featured_media":18167,"template":"","meta":{"_acf_changed":false,"inline_featured_image":false},"product_brand":[],"product_cat":[698,697],"product_tag":[812,847],"class_list":{"0":"post-13079","1":"product","2":"type-product","3":"status-publish","4":"has-post-thumbnail","6":"product_cat-coleccion-vintage","7":"product_cat-sofas-y-sillones","8":"product_tag-niels-jorgen-style-es","9":"product_tag-vintage-es","11":"first","12":"outofstock","13":"shipping-taxable","14":"purchasable","15":"product-type-simple"},"acf":[],"aioseo_notices":[],"_links":{"self":[{"href":"https:\/\/ikonisch.pt\/es\/wp-json\/wp\/v2\/product\/13079","targetHints":{"allow":["GET"]}}],"collection":[{"href":"https:\/\/ikonisch.pt\/es\/wp-json\/wp\/v2\/product"}],"about":[{"href":"https:\/\/ikonisch.pt\/es\/wp-json\/wp\/v2\/types\/product"}],"wp:featuredmedia":[{"embeddable":true,"href":"https:\/\/ikonisch.pt\/es\/wp-json\/wp\/v2\/media\/18167"}],"wp:attachment":[{"href":"https:\/\/ikonisch.pt\/es\/wp-json\/wp\/v2\/media?parent=13079"}],"wp:term":[{"taxonomy":"product_brand","embeddable":true,"href":"https:\/\/ikonisch.pt\/es\/wp-json\/wp\/v2\/product_brand?post=13079"},{"taxonomy":"product_cat","embeddable":true,"href":"https:\/\/ikonisch.pt\/es\/wp-json\/wp\/v2\/product_cat?post=13079"},{"taxonomy":"product_tag","embeddable":true,"href":"https:\/\/ikonisch.pt\/es\/wp-json\/wp\/v2\/product_tag?post=13079"}],"curies":[{"name":"wp","href":"https:\/\/api.w.org\/{rel}","templated":true}]}}