{"id":13080,"date":"2022-01-26T14:51:57","date_gmt":"2022-01-26T14:51:57","guid":{"rendered":"https:\/\/ikonisch.pt\/produtos\/sillon-anos-50-cuero-natural\/"},"modified":"2022-01-26T14:51:57","modified_gmt":"2022-01-26T14:51:57","slug":"sillon-anos-50-cuero-natural","status":"publish","type":"product","link":"https:\/\/ikonisch.pt\/es\/produtos\/sillon-anos-50-cuero-natural\/","title":{"rendered":"Sill\u00f3n A\u00f1os 50 Cuero Natural"},"content":{"rendered":"","protected":false},"excerpt":{"rendered":"<p>Sill\u00f3n Vintage restaurado con tachas decorativas. Estructura en madera, que reposa sobre los pies en aluminio pulido, revestido en cuero natural de color gris. Sistema de resortes con almohada en los asientos y en el respaldo en cuero natural original de color rojo.<\/p>\n","protected":false},"featured_media":18149,"template":"","meta":{"_acf_changed":false,"inline_featured_image":false},"product_brand":[],"product_cat":[698,697],"product_tag":[785,847],"class_list":{"0":"post-13080","1":"product","2":"type-product","3":"status-publish","4":"has-post-thumbnail","6":"product_cat-coleccion-vintage","7":"product_cat-sofas-y-sillones","8":"product_tag-leather-es","9":"product_tag-vintage-es","11":"first","12":"outofstock","13":"shipping-taxable","14":"purchasable","15":"product-type-simple"},"acf":[],"aioseo_notices":[],"_links":{"self":[{"href":"https:\/\/ikonisch.pt\/es\/wp-json\/wp\/v2\/product\/13080","targetHints":{"allow":["GET"]}}],"collection":[{"href":"https:\/\/ikonisch.pt\/es\/wp-json\/wp\/v2\/product"}],"about":[{"href":"https:\/\/ikonisch.pt\/es\/wp-json\/wp\/v2\/types\/product"}],"wp:featuredmedia":[{"embeddable":true,"href":"https:\/\/ikonisch.pt\/es\/wp-json\/wp\/v2\/media\/18149"}],"wp:attachment":[{"href":"https:\/\/ikonisch.pt\/es\/wp-json\/wp\/v2\/media?parent=13080"}],"wp:term":[{"taxonomy":"product_brand","embeddable":true,"href":"https:\/\/ikonisch.pt\/es\/wp-json\/wp\/v2\/product_brand?post=13080"},{"taxonomy":"product_cat","embeddable":true,"href":"https:\/\/ikonisch.pt\/es\/wp-json\/wp\/v2\/product_cat?post=13080"},{"taxonomy":"product_tag","embeddable":true,"href":"https:\/\/ikonisch.pt\/es\/wp-json\/wp\/v2\/product_tag?post=13080"}],"curies":[{"name":"wp","href":"https:\/\/api.w.org\/{rel}","templated":true}]}}