{"id":13094,"date":"2022-01-26T17:12:21","date_gmt":"2022-01-26T17:12:21","guid":{"rendered":"https:\/\/ikonisch.pt\/produtos\/lampara-de-mesa-vintage-beige\/"},"modified":"2024-10-18T12:40:46","modified_gmt":"2024-10-18T12:40:46","slug":"lampara-de-mesa-vintage-beige","status":"publish","type":"product","link":"https:\/\/ikonisch.pt\/es\/produtos\/lampara-de-mesa-vintage-beige\/","title":{"rendered":"L\u00e1mpara de Mesa Vintage Beige"},"content":{"rendered":"","protected":false},"excerpt":{"rendered":"<div class=\"sentence-wrapper sentence-wrapper_target ng-star-inserted\"><span class=\"ng-star-inserted\" data-index=\"0\">L\u00e1mpara de mesa Vintage beige. <\/span><span class=\"ng-star-inserted\" data-index=\"1\">Base y brazo en acero pintado. <\/span><span class=\"ng-star-inserted\" data-index=\"2\">Taza giratoria con interior de aluminio aparente. <\/span><span class=\"ng-star-inserted\" data-index=\"3\">Boquilla E27 con interruptor de clic en la base.<\/span><\/div>\n<div>\n<p><strong>Realizamos entregas a nivel mundial. Para env\u00edos fuera de Portugal y Espa\u00f1a, por favor, cont\u00e1ctenos para recibir un presupuesto personalizado.<\/strong><\/p>\n<p>Para m\u00e1s informaci\u00f3n sobre precios, p\u00f3ngase en contacto con nosotros por correo electr\u00f3nico en\u00a0<a href=\"mailto:info@ikonisch.pt\"><strong>info@ikonisch.pt<\/strong><\/a>\u00a0o por tel\u00e9fono en el\u00a0<strong>+351 913 068 270<\/strong>.<\/p>\n<\/div>\n","protected":false},"featured_media":10363,"template":"","meta":{"_acf_changed":false,"inline_featured_image":false},"product_brand":[],"product_cat":[693],"product_tag":[847],"class_list":{"0":"post-13094","1":"product","2":"type-product","3":"status-publish","4":"has-post-thumbnail","6":"product_cat-iluminacion","7":"product_tag-vintage-es","9":"first","10":"instock","11":"sale","12":"shipping-taxable","13":"purchasable","14":"product-type-simple"},"acf":[],"aioseo_notices":[],"_links":{"self":[{"href":"https:\/\/ikonisch.pt\/es\/wp-json\/wp\/v2\/product\/13094","targetHints":{"allow":["GET"]}}],"collection":[{"href":"https:\/\/ikonisch.pt\/es\/wp-json\/wp\/v2\/product"}],"about":[{"href":"https:\/\/ikonisch.pt\/es\/wp-json\/wp\/v2\/types\/product"}],"wp:featuredmedia":[{"embeddable":true,"href":"https:\/\/ikonisch.pt\/es\/wp-json\/wp\/v2\/media\/10363"}],"wp:attachment":[{"href":"https:\/\/ikonisch.pt\/es\/wp-json\/wp\/v2\/media?parent=13094"}],"wp:term":[{"taxonomy":"product_brand","embeddable":true,"href":"https:\/\/ikonisch.pt\/es\/wp-json\/wp\/v2\/product_brand?post=13094"},{"taxonomy":"product_cat","embeddable":true,"href":"https:\/\/ikonisch.pt\/es\/wp-json\/wp\/v2\/product_cat?post=13094"},{"taxonomy":"product_tag","embeddable":true,"href":"https:\/\/ikonisch.pt\/es\/wp-json\/wp\/v2\/product_tag?post=13094"}],"curies":[{"name":"wp","href":"https:\/\/api.w.org\/{rel}","templated":true}]}}