{"id":13098,"date":"2022-01-28T10:12:09","date_gmt":"2022-01-28T10:12:09","guid":{"rendered":"https:\/\/ikonisch.pt\/produtos\/lampara-de-mesa-arco-cromado\/"},"modified":"2023-05-31T15:18:00","modified_gmt":"2023-05-31T15:18:00","slug":"lampara-de-mesa-arco-cromado","status":"publish","type":"product","link":"https:\/\/ikonisch.pt\/es\/produtos\/lampara-de-mesa-arco-cromado\/","title":{"rendered":"L\u00e1mpara de Mesa Arco Cromado"},"content":{"rendered":"","protected":false},"excerpt":{"rendered":"<p>L\u00e1mpara con base s\u00f3lida en acero lacado, brazo en arco en acero cromado. Quiebra-luz en aluminio lacado blanco mate. Boquilla G23 con interruptor vertical.<\/p>\n","protected":false},"featured_media":10377,"template":"","meta":{"_acf_changed":false,"inline_featured_image":false},"product_brand":[],"product_cat":[693],"product_tag":[],"class_list":{"0":"post-13098","1":"product","2":"type-product","3":"status-publish","4":"has-post-thumbnail","6":"product_cat-iluminacion","8":"first","9":"outofstock","10":"shipping-taxable","11":"purchasable","12":"product-type-simple"},"acf":[],"aioseo_notices":[],"_links":{"self":[{"href":"https:\/\/ikonisch.pt\/es\/wp-json\/wp\/v2\/product\/13098","targetHints":{"allow":["GET"]}}],"collection":[{"href":"https:\/\/ikonisch.pt\/es\/wp-json\/wp\/v2\/product"}],"about":[{"href":"https:\/\/ikonisch.pt\/es\/wp-json\/wp\/v2\/types\/product"}],"wp:featuredmedia":[{"embeddable":true,"href":"https:\/\/ikonisch.pt\/es\/wp-json\/wp\/v2\/media\/10377"}],"wp:attachment":[{"href":"https:\/\/ikonisch.pt\/es\/wp-json\/wp\/v2\/media?parent=13098"}],"wp:term":[{"taxonomy":"product_brand","embeddable":true,"href":"https:\/\/ikonisch.pt\/es\/wp-json\/wp\/v2\/product_brand?post=13098"},{"taxonomy":"product_cat","embeddable":true,"href":"https:\/\/ikonisch.pt\/es\/wp-json\/wp\/v2\/product_cat?post=13098"},{"taxonomy":"product_tag","embeddable":true,"href":"https:\/\/ikonisch.pt\/es\/wp-json\/wp\/v2\/product_tag?post=13098"}],"curies":[{"name":"wp","href":"https:\/\/api.w.org\/{rel}","templated":true}]}}