{"id":13100,"date":"2021-09-01T11:49:56","date_gmt":"2021-09-01T11:49:56","guid":{"rendered":"https:\/\/ikonisch.pt\/produtos\/armario-tipo-estante\/"},"modified":"2023-05-31T15:26:41","modified_gmt":"2023-05-31T15:26:41","slug":"armario-tipo-estante","status":"publish","type":"product","link":"https:\/\/ikonisch.pt\/es\/produtos\/armario-tipo-estante\/","title":{"rendered":"Armario Tipo Estante"},"content":{"rendered":"","protected":false},"excerpt":{"rendered":"<p>Armario estante decorativo con 16 taquillas con puerta de abrir en acr\u00edlico color naranja y ruedas en la base. Estructura en MDF enchapado en termolaminado de \u00e9bano. Necesita restauraci\u00f3n ya que presenta algunas partes\/esquinas con desgaste termolaminado.<\/p>\n","protected":false},"featured_media":10116,"template":"","meta":{"_acf_changed":false,"inline_featured_image":false},"product_brand":[],"product_cat":[687],"product_tag":[825],"class_list":{"0":"post-13100","1":"product","2":"type-product","3":"status-publish","4":"has-post-thumbnail","6":"product_cat-armarios-es","7":"product_tag-s-r-es","9":"first","10":"outofstock","11":"sale","12":"shipping-taxable","13":"purchasable","14":"product-type-simple"},"acf":[],"aioseo_notices":[],"_links":{"self":[{"href":"https:\/\/ikonisch.pt\/es\/wp-json\/wp\/v2\/product\/13100","targetHints":{"allow":["GET"]}}],"collection":[{"href":"https:\/\/ikonisch.pt\/es\/wp-json\/wp\/v2\/product"}],"about":[{"href":"https:\/\/ikonisch.pt\/es\/wp-json\/wp\/v2\/types\/product"}],"wp:featuredmedia":[{"embeddable":true,"href":"https:\/\/ikonisch.pt\/es\/wp-json\/wp\/v2\/media\/10116"}],"wp:attachment":[{"href":"https:\/\/ikonisch.pt\/es\/wp-json\/wp\/v2\/media?parent=13100"}],"wp:term":[{"taxonomy":"product_brand","embeddable":true,"href":"https:\/\/ikonisch.pt\/es\/wp-json\/wp\/v2\/product_brand?post=13100"},{"taxonomy":"product_cat","embeddable":true,"href":"https:\/\/ikonisch.pt\/es\/wp-json\/wp\/v2\/product_cat?post=13100"},{"taxonomy":"product_tag","embeddable":true,"href":"https:\/\/ikonisch.pt\/es\/wp-json\/wp\/v2\/product_tag?post=13100"}],"curies":[{"name":"wp","href":"https:\/\/api.w.org\/{rel}","templated":true}]}}