{"id":13107,"date":"2021-09-01T11:49:43","date_gmt":"2021-09-01T11:49:43","guid":{"rendered":"https:\/\/ikonisch.pt\/produtos\/espuma-moldeada-asiento-silla-aeron-talla-b-herman-miller\/"},"modified":"2024-10-18T12:47:10","modified_gmt":"2024-10-18T12:47:10","slug":"espuma-moldeada-asiento-silla-aeron-talla-b-herman-miller","status":"publish","type":"product","link":"https:\/\/ikonisch.pt\/es\/produtos\/espuma-moldeada-asiento-silla-aeron-talla-b-herman-miller\/","title":{"rendered":"Espuma Moldeada Asiento Silla Aeron Talla B &#8211; Herman Miller"},"content":{"rendered":"","protected":false},"excerpt":{"rendered":"<p>Espuma moldeada para colocar en la base del asiento de la silla Aeron de la marca Herman Miller.<\/p>\n<p><strong>Realizamos entregas a nivel mundial. Para env\u00edos fuera de Portugal y Espa\u00f1a, por favor, cont\u00e1ctenos para recibir un presupuesto personalizado.<\/strong><\/p>\n<p>Para m\u00e1s informaci\u00f3n sobre precios, p\u00f3ngase en contacto con nosotros por correo electr\u00f3nico en\u00a0<a href=\"mailto:info@ikonisch.pt\"><strong>info@ikonisch.pt<\/strong><\/a>\u00a0o por tel\u00e9fono en el\u00a0<strong>+351 913 068 270<\/strong>.<\/p>\n","protected":false},"featured_media":31693,"template":"","meta":{"_acf_changed":false,"inline_featured_image":false},"product_brand":[],"product_cat":[686],"product_tag":[763],"class_list":{"0":"post-13107","1":"product","2":"type-product","3":"status-publish","4":"has-post-thumbnail","6":"product_cat-accesorios","7":"product_tag-herman-miller-es","9":"first","10":"instock","11":"taxable","12":"shipping-taxable","13":"purchasable","14":"product-type-simple"},"acf":[],"aioseo_notices":[],"_links":{"self":[{"href":"https:\/\/ikonisch.pt\/es\/wp-json\/wp\/v2\/product\/13107","targetHints":{"allow":["GET"]}}],"collection":[{"href":"https:\/\/ikonisch.pt\/es\/wp-json\/wp\/v2\/product"}],"about":[{"href":"https:\/\/ikonisch.pt\/es\/wp-json\/wp\/v2\/types\/product"}],"wp:featuredmedia":[{"embeddable":true,"href":"https:\/\/ikonisch.pt\/es\/wp-json\/wp\/v2\/media\/31693"}],"wp:attachment":[{"href":"https:\/\/ikonisch.pt\/es\/wp-json\/wp\/v2\/media?parent=13107"}],"wp:term":[{"taxonomy":"product_brand","embeddable":true,"href":"https:\/\/ikonisch.pt\/es\/wp-json\/wp\/v2\/product_brand?post=13107"},{"taxonomy":"product_cat","embeddable":true,"href":"https:\/\/ikonisch.pt\/es\/wp-json\/wp\/v2\/product_cat?post=13107"},{"taxonomy":"product_tag","embeddable":true,"href":"https:\/\/ikonisch.pt\/es\/wp-json\/wp\/v2\/product_tag?post=13107"}],"curies":[{"name":"wp","href":"https:\/\/api.w.org\/{rel}","templated":true}]}}