{"id":13113,"date":"2023-06-01T10:56:02","date_gmt":"2023-06-01T10:56:02","guid":{"rendered":"https:\/\/ikonisch.pt\/?post_type=product&#038;p=13113"},"modified":"2024-02-12T13:17:45","modified_gmt":"2024-02-12T13:17:45","slug":"sofa-ondo-artifort","status":"publish","type":"product","link":"https:\/\/ikonisch.pt\/es\/produtos\/sofa-ondo-artifort\/","title":{"rendered":"Sof\u00e1 Ondo &#8211; Artifort"},"content":{"rendered":"<p>Artifort es sin\u00f3nimo de arte y confort. Esta marca de renombre mundial produce dise\u00f1os atemporales para sentarse, esperar, almacenar, consultar y encontrar placer. La marca destaca por sus dise\u00f1os exclusivos que son una obra de arte en s\u00ed. Este mobiliario est\u00e1 incluido en la colecci\u00f3n del Centro Pompidou y del Museo de Arte Moderno, cuyos impresionantes sillones son t\u00edpicos de Artifort.<br \/>\nDise\u00f1o de alta calidad para su hogar, oficina o \u00e1reas p\u00fablicas.<\/p>\n","protected":false},"excerpt":{"rendered":"<p>El asiento y el respaldo del sof\u00e1 triple Artifort, modelo Ondo, parecen fluir hacia fuera del reposabrazos en un solo movimiento para encontrar el reposabrazos en el otro extremo. Su elegante estructura permite que el sof\u00e1 flote. Este sof\u00e1 sigue siendo infinitamente emocionante por la fuerza de sus l\u00edneas y transmite un estilo de vida \u00fanico de quien elige una pieza con tanto car\u00e1cter. Base en tubo acero cromado y acabado en tejido original. Fabricado en Holanda por Artifort.<\/p>\n","protected":false},"featured_media":17221,"template":"","meta":{"_acf_changed":false,"inline_featured_image":false},"product_brand":[],"product_cat":[690,697],"product_tag":[717,1195],"class_list":{"0":"post-13113","1":"product","2":"type-product","3":"status-publish","4":"has-post-thumbnail","6":"product_cat-hogar","7":"product_cat-sofas-y-sillones","8":"product_tag-artifort-es","9":"product_tag-rene-holten-es","11":"first","12":"outofstock","13":"shipping-taxable","14":"purchasable","15":"product-type-simple"},"acf":[],"aioseo_notices":[],"_links":{"self":[{"href":"https:\/\/ikonisch.pt\/es\/wp-json\/wp\/v2\/product\/13113","targetHints":{"allow":["GET"]}}],"collection":[{"href":"https:\/\/ikonisch.pt\/es\/wp-json\/wp\/v2\/product"}],"about":[{"href":"https:\/\/ikonisch.pt\/es\/wp-json\/wp\/v2\/types\/product"}],"wp:featuredmedia":[{"embeddable":true,"href":"https:\/\/ikonisch.pt\/es\/wp-json\/wp\/v2\/media\/17221"}],"wp:attachment":[{"href":"https:\/\/ikonisch.pt\/es\/wp-json\/wp\/v2\/media?parent=13113"}],"wp:term":[{"taxonomy":"product_brand","embeddable":true,"href":"https:\/\/ikonisch.pt\/es\/wp-json\/wp\/v2\/product_brand?post=13113"},{"taxonomy":"product_cat","embeddable":true,"href":"https:\/\/ikonisch.pt\/es\/wp-json\/wp\/v2\/product_cat?post=13113"},{"taxonomy":"product_tag","embeddable":true,"href":"https:\/\/ikonisch.pt\/es\/wp-json\/wp\/v2\/product_tag?post=13113"}],"curies":[{"name":"wp","href":"https:\/\/api.w.org\/{rel}","templated":true}]}}