{"id":13137,"date":"2023-06-01T11:33:56","date_gmt":"2023-06-01T11:33:56","guid":{"rendered":"https:\/\/ikonisch.pt\/?post_type=product&#038;p=13137"},"modified":"2023-06-14T15:28:24","modified_gmt":"2023-06-14T15:28:24","slug":"estante-cloud-cappellini","status":"publish","type":"product","link":"https:\/\/ikonisch.pt\/es\/produtos\/estante-cloud-cappellini\/","title":{"rendered":"Conjunto de Estante Cloud &#8211; Cappellini"},"content":{"rendered":"<p>Cappellini produce muebles, iluminaci\u00f3n y accesorios para uso dom\u00e9stico y empresarial. Los dise\u00f1os, dise\u00f1ados por expertos y fabricados con los mejores materiales, est\u00e1n dise\u00f1ados para durar toda la vida. Los dise\u00f1os de Cappellini son \u00fanicos y famosos por su ingeniosa apariencia.<\/p>\n","protected":false},"excerpt":{"rendered":"<p>El estante Cloud de Ronan &amp; Erwan Bouroullec, con compartimentos huecos, es un elemento de decoraci\u00f3n extravagante con un toque pop y un dise\u00f1o absolutamente inolvidable. Fabricada con tecnolog\u00eda de rotomoldeo, en polietileno blanco, la Cloud es una estanter\u00eda con doble cara que agrega ligereza a cualquier ambiente, formando una configuraci\u00f3n que puede ser personalizada por el comprador: los m\u00f3dulos pueden ser interconectados a voluntad, por medio de una junta retr\u00e1ctil, para crear una estructura de colmena.<\/p>\n","protected":false},"featured_media":31708,"template":"","meta":{"_acf_changed":false,"inline_featured_image":false},"product_brand":[],"product_cat":[692],"product_tag":[730,1116],"class_list":{"0":"post-13137","1":"product","2":"type-product","3":"status-publish","4":"has-post-thumbnail","6":"product_cat-estanterias","7":"product_tag-cappellini-es","8":"product_tag-ronan-erwan-bouroullec-es","10":"first","11":"outofstock","12":"shipping-taxable","13":"purchasable","14":"product-type-simple"},"acf":[],"aioseo_notices":[],"_links":{"self":[{"href":"https:\/\/ikonisch.pt\/es\/wp-json\/wp\/v2\/product\/13137","targetHints":{"allow":["GET"]}}],"collection":[{"href":"https:\/\/ikonisch.pt\/es\/wp-json\/wp\/v2\/product"}],"about":[{"href":"https:\/\/ikonisch.pt\/es\/wp-json\/wp\/v2\/types\/product"}],"wp:featuredmedia":[{"embeddable":true,"href":"https:\/\/ikonisch.pt\/es\/wp-json\/wp\/v2\/media\/31708"}],"wp:attachment":[{"href":"https:\/\/ikonisch.pt\/es\/wp-json\/wp\/v2\/media?parent=13137"}],"wp:term":[{"taxonomy":"product_brand","embeddable":true,"href":"https:\/\/ikonisch.pt\/es\/wp-json\/wp\/v2\/product_brand?post=13137"},{"taxonomy":"product_cat","embeddable":true,"href":"https:\/\/ikonisch.pt\/es\/wp-json\/wp\/v2\/product_cat?post=13137"},{"taxonomy":"product_tag","embeddable":true,"href":"https:\/\/ikonisch.pt\/es\/wp-json\/wp\/v2\/product_tag?post=13137"}],"curies":[{"name":"wp","href":"https:\/\/api.w.org\/{rel}","templated":true}]}}