{"id":13168,"date":"2021-09-01T11:49:28","date_gmt":"2021-09-01T11:49:28","guid":{"rendered":"https:\/\/ikonisch.pt\/produtos\/silla-brno-knoll\/"},"modified":"2024-06-07T14:09:23","modified_gmt":"2024-06-07T14:09:23","slug":"silla-brno-knoll","status":"publish","type":"product","link":"https:\/\/ikonisch.pt\/es\/produtos\/silla-brno-knoll\/","title":{"rendered":"Silla Brno &#8211; Knoll"},"content":{"rendered":"<div class=\"sentence-wrapper sentence-wrapper_target ng-star-inserted\"><span class=\"ng-star-inserted\" data-index=\"0\">Desde 1938, Knoll ha construido una excelente reputaci\u00f3n basada en sus muebles para el hogar y la oficina. <\/span><span class=\"ng-star-inserted\" data-index=\"1\">La empresa fue fundada por Hans y Florence Knoll, quienes se esforzaron por crear nuevos dise\u00f1os a la vez que se mantuvieron fieles a la filosof\u00eda Bauhaus de que los muebles modernos deber\u00edan complementar y no entrar en conflicto con el espacio arquitect\u00f3nico. <\/span><span class=\"ng-star-inserted\" data-index=\"2\">Knoll basa sus proyectos en la interacci\u00f3n de las personas con el medio ambiente, con \u00e9nfasis en el dise\u00f1o moderno y duradero. <\/span><span class=\"ng-star-inserted\" data-index=\"3\">Esto di\u00f3 como resultado una cartera de productos exclusivos.<\/span><\/div>\n","protected":false},"excerpt":{"rendered":"<p>Dise\u00f1ada por Mies Van der Rohe y Lilly Reich la silla Brno es un modelo cantilever que qued\u00f3 marcado en la historia del dise\u00f1o. Su simplicidad se hace notar por su estructura de acero cromado tubular que soporta el asiento y la espalda. Acabado en tela \u00abclassic boucle\u00bb en color Onyx.<\/p>\n<p>Atenci\u00f3n: Valor unitario<\/p>\n","protected":false},"featured_media":9589,"template":"","meta":{"_acf_changed":false,"inline_featured_image":false},"product_brand":[],"product_cat":[698,689],"product_tag":[779,1716,1715],"class_list":{"0":"post-13168","1":"product","2":"type-product","3":"status-publish","4":"has-post-thumbnail","6":"product_cat-coleccion-vintage","7":"product_cat-sillas","8":"product_tag-knoll-es","9":"product_tag-lilly-reich-es","10":"product_tag-mies-van-der-rohe-es","12":"first","13":"outofstock","14":"shipping-taxable","15":"purchasable","16":"product-type-simple"},"acf":[],"aioseo_notices":[],"_links":{"self":[{"href":"https:\/\/ikonisch.pt\/es\/wp-json\/wp\/v2\/product\/13168","targetHints":{"allow":["GET"]}}],"collection":[{"href":"https:\/\/ikonisch.pt\/es\/wp-json\/wp\/v2\/product"}],"about":[{"href":"https:\/\/ikonisch.pt\/es\/wp-json\/wp\/v2\/types\/product"}],"wp:featuredmedia":[{"embeddable":true,"href":"https:\/\/ikonisch.pt\/es\/wp-json\/wp\/v2\/media\/9589"}],"wp:attachment":[{"href":"https:\/\/ikonisch.pt\/es\/wp-json\/wp\/v2\/media?parent=13168"}],"wp:term":[{"taxonomy":"product_brand","embeddable":true,"href":"https:\/\/ikonisch.pt\/es\/wp-json\/wp\/v2\/product_brand?post=13168"},{"taxonomy":"product_cat","embeddable":true,"href":"https:\/\/ikonisch.pt\/es\/wp-json\/wp\/v2\/product_cat?post=13168"},{"taxonomy":"product_tag","embeddable":true,"href":"https:\/\/ikonisch.pt\/es\/wp-json\/wp\/v2\/product_tag?post=13168"}],"curies":[{"name":"wp","href":"https:\/\/api.w.org\/{rel}","templated":true}]}}