{"id":13169,"date":"2022-05-10T13:14:38","date_gmt":"2022-05-10T13:14:38","guid":{"rendered":"https:\/\/ikonisch.pt\/produtos\/silla-andrea-andreu-world\/"},"modified":"2023-06-01T13:14:53","modified_gmt":"2023-06-01T13:14:53","slug":"silla-andrea-andreu-world","status":"publish","type":"product","link":"https:\/\/ikonisch.pt\/es\/produtos\/silla-andrea-andreu-world\/","title":{"rendered":"Silla Andrea &#8211; Andreu World"},"content":{"rendered":"","protected":false},"excerpt":{"rendered":"<p>Dise\u00f1ada por Josep Llusc\u00e0 para Andreu World, la silla Andrea fue conocida por ser un modelo de tres patas con un dise\u00f1o innovador. Silla de brazos con estructura y piernas en acero cromado y brazos y soporte de espalda en aluminio pulido. Asiento y espalda revestidos en cuero natural negra.<\/p>\n<p>Atenci\u00f3n: Valor unitario<\/p>\n","protected":false},"featured_media":10557,"template":"","meta":{"_acf_changed":false,"inline_featured_image":false},"product_brand":[],"product_cat":[689],"product_tag":[705,1239],"class_list":{"0":"post-13169","1":"product","2":"type-product","3":"status-publish","4":"has-post-thumbnail","6":"product_cat-sillas","7":"product_tag-andreu-world-es","8":"product_tag-josep-llusca-es","10":"first","11":"outofstock","12":"shipping-taxable","13":"purchasable","14":"product-type-simple"},"acf":[],"aioseo_notices":[],"_links":{"self":[{"href":"https:\/\/ikonisch.pt\/es\/wp-json\/wp\/v2\/product\/13169","targetHints":{"allow":["GET"]}}],"collection":[{"href":"https:\/\/ikonisch.pt\/es\/wp-json\/wp\/v2\/product"}],"about":[{"href":"https:\/\/ikonisch.pt\/es\/wp-json\/wp\/v2\/types\/product"}],"wp:featuredmedia":[{"embeddable":true,"href":"https:\/\/ikonisch.pt\/es\/wp-json\/wp\/v2\/media\/10557"}],"wp:attachment":[{"href":"https:\/\/ikonisch.pt\/es\/wp-json\/wp\/v2\/media?parent=13169"}],"wp:term":[{"taxonomy":"product_brand","embeddable":true,"href":"https:\/\/ikonisch.pt\/es\/wp-json\/wp\/v2\/product_brand?post=13169"},{"taxonomy":"product_cat","embeddable":true,"href":"https:\/\/ikonisch.pt\/es\/wp-json\/wp\/v2\/product_cat?post=13169"},{"taxonomy":"product_tag","embeddable":true,"href":"https:\/\/ikonisch.pt\/es\/wp-json\/wp\/v2\/product_tag?post=13169"}],"curies":[{"name":"wp","href":"https:\/\/api.w.org\/{rel}","templated":true}]}}