{"id":13170,"date":"2022-08-29T14:29:44","date_gmt":"2022-08-29T14:29:44","guid":{"rendered":"https:\/\/ikonisch.pt\/produtos\/silla-dkr-wire-base-la-fonda-vitra\/"},"modified":"2022-08-29T14:29:44","modified_gmt":"2022-08-29T14:29:44","slug":"silla-dkr-wire-base-la-fonda-vitra","status":"publish","type":"product","link":"https:\/\/ikonisch.pt\/es\/produtos\/silla-dkr-wire-base-la-fonda-vitra\/","title":{"rendered":"Silla DKR Wire Base La Fonda &#8211; Vitra"},"content":{"rendered":"","protected":false},"excerpt":{"rendered":"<p>Dise\u00f1ada por Charles y Ray Eames en 1951, la Wire Chair fue concebida con la premisa de crear un objeto ligero y duradero con el menor uso de materiales. Estas dos unidades est\u00e1n basadas en \u00abLa Fonda\u00bb con etiqueta de producci\u00f3n de Vitra bajo licencia de Herman Miller &#8211; detalle que confiere su edad. Ejemplares de los a\u00f1os 60 con etiquetas originales en las bases y marcas de uso y patines &#8211; asientos en buen estado de conservaci\u00f3n.<\/p>\n","protected":false},"featured_media":10795,"template":"","meta":{"_acf_changed":false,"inline_featured_image":false},"product_brand":[],"product_cat":[689],"product_tag":[735,763,848],"class_list":{"0":"post-13170","1":"product","2":"type-product","3":"status-publish","4":"has-post-thumbnail","6":"product_cat-sillas","7":"product_tag-charles-ray-eames-es","8":"product_tag-herman-miller-es","9":"product_tag-vitra-es","11":"first","12":"outofstock","13":"shipping-taxable","14":"purchasable","15":"product-type-simple"},"acf":[],"aioseo_notices":[],"_links":{"self":[{"href":"https:\/\/ikonisch.pt\/es\/wp-json\/wp\/v2\/product\/13170","targetHints":{"allow":["GET"]}}],"collection":[{"href":"https:\/\/ikonisch.pt\/es\/wp-json\/wp\/v2\/product"}],"about":[{"href":"https:\/\/ikonisch.pt\/es\/wp-json\/wp\/v2\/types\/product"}],"wp:featuredmedia":[{"embeddable":true,"href":"https:\/\/ikonisch.pt\/es\/wp-json\/wp\/v2\/media\/10795"}],"wp:attachment":[{"href":"https:\/\/ikonisch.pt\/es\/wp-json\/wp\/v2\/media?parent=13170"}],"wp:term":[{"taxonomy":"product_brand","embeddable":true,"href":"https:\/\/ikonisch.pt\/es\/wp-json\/wp\/v2\/product_brand?post=13170"},{"taxonomy":"product_cat","embeddable":true,"href":"https:\/\/ikonisch.pt\/es\/wp-json\/wp\/v2\/product_cat?post=13170"},{"taxonomy":"product_tag","embeddable":true,"href":"https:\/\/ikonisch.pt\/es\/wp-json\/wp\/v2\/product_tag?post=13170"}],"curies":[{"name":"wp","href":"https:\/\/api.w.org\/{rel}","templated":true}]}}