{"id":13171,"date":"2022-08-29T14:06:45","date_gmt":"2022-08-29T14:06:45","guid":{"rendered":"https:\/\/ikonisch.pt\/produtos\/silla-duo-balance-stokke\/"},"modified":"2024-02-12T13:42:10","modified_gmt":"2024-02-12T13:42:10","slug":"silla-duo-balance-stokke","status":"publish","type":"product","link":"https:\/\/ikonisch.pt\/es\/produtos\/silla-duo-balance-stokke\/","title":{"rendered":"Silla Duo Balance &#8211; Stokke"},"content":{"rendered":"","protected":false},"excerpt":{"rendered":"<p>Dise\u00f1ada por Peter Opsvik para Stokke, la silla Duo Balance demuestra las cualidades de este dise\u00f1ador en ergonom\u00eda e innovaci\u00f3n. El \u00e1ngulo de la silla es ajustado por los movimientos del cuerpo, permitiendo al usuario varias posiciones facilitadas por el reposacabezas ajustable. Silla en madera moldeada tapizada en tela azul.<\/p>\n","protected":false},"featured_media":10774,"template":"","meta":{"_acf_changed":false,"inline_featured_image":false},"product_brand":[],"product_cat":[698,689],"product_tag":[1225,832],"class_list":{"0":"post-13171","1":"product","2":"type-product","3":"status-publish","4":"has-post-thumbnail","6":"product_cat-coleccion-vintage","7":"product_cat-sillas","8":"product_tag-peter-opsvik-es","9":"product_tag-stokke-es","11":"first","12":"outofstock","13":"shipping-taxable","14":"purchasable","15":"product-type-simple"},"acf":[],"aioseo_notices":[],"_links":{"self":[{"href":"https:\/\/ikonisch.pt\/es\/wp-json\/wp\/v2\/product\/13171","targetHints":{"allow":["GET"]}}],"collection":[{"href":"https:\/\/ikonisch.pt\/es\/wp-json\/wp\/v2\/product"}],"about":[{"href":"https:\/\/ikonisch.pt\/es\/wp-json\/wp\/v2\/types\/product"}],"wp:featuredmedia":[{"embeddable":true,"href":"https:\/\/ikonisch.pt\/es\/wp-json\/wp\/v2\/media\/10774"}],"wp:attachment":[{"href":"https:\/\/ikonisch.pt\/es\/wp-json\/wp\/v2\/media?parent=13171"}],"wp:term":[{"taxonomy":"product_brand","embeddable":true,"href":"https:\/\/ikonisch.pt\/es\/wp-json\/wp\/v2\/product_brand?post=13171"},{"taxonomy":"product_cat","embeddable":true,"href":"https:\/\/ikonisch.pt\/es\/wp-json\/wp\/v2\/product_cat?post=13171"},{"taxonomy":"product_tag","embeddable":true,"href":"https:\/\/ikonisch.pt\/es\/wp-json\/wp\/v2\/product_tag?post=13171"}],"curies":[{"name":"wp","href":"https:\/\/api.w.org\/{rel}","templated":true}]}}