{"id":13172,"date":"2021-09-01T11:49:43","date_gmt":"2021-09-01T11:49:43","guid":{"rendered":"https:\/\/ikonisch.pt\/produtos\/silla-roya42-wogg\/"},"modified":"2024-12-19T14:40:43","modified_gmt":"2024-12-19T14:40:43","slug":"silla-roya42-wogg","status":"publish","type":"product","link":"https:\/\/ikonisch.pt\/es\/produtos\/silla-roya42-wogg\/","title":{"rendered":"Silla Roya42 &#8211; Wogg"},"content":{"rendered":"<p>Desde 1983, WOGG desarrolla muebles de alta calidad fabricados en sus propios talleres de GLAESER WOGG AG. El deseo de m\u00e9todos de trabajo nuevos e inteligentes, as\u00ed como de materiales de la m\u00e1s alta calidad, garantizan el nivel de calidad asociado a los productos suizos.<\/p>\n","protected":false},"excerpt":{"rendered":"<p>Silla fija, espalda media, con brazos. Estructura en madera maciza con Velatura &#8211; gris negro 091 y asiento y respaldo en tejido ref. Glen 635 negro-blanco.<\/p>\n","protected":false},"featured_media":10129,"template":"","meta":{"_acf_changed":false,"inline_featured_image":false},"product_brand":[],"product_cat":[689],"product_tag":[2234,851],"class_list":{"0":"post-13172","1":"product","2":"type-product","3":"status-publish","4":"has-post-thumbnail","6":"product_cat-sillas","7":"product_tag-jorg-boner-es","8":"product_tag-wogg-es","10":"first","11":"outofstock","12":"shipping-taxable","13":"purchasable","14":"product-type-simple"},"acf":[],"aioseo_notices":[],"_links":{"self":[{"href":"https:\/\/ikonisch.pt\/es\/wp-json\/wp\/v2\/product\/13172","targetHints":{"allow":["GET"]}}],"collection":[{"href":"https:\/\/ikonisch.pt\/es\/wp-json\/wp\/v2\/product"}],"about":[{"href":"https:\/\/ikonisch.pt\/es\/wp-json\/wp\/v2\/types\/product"}],"wp:featuredmedia":[{"embeddable":true,"href":"https:\/\/ikonisch.pt\/es\/wp-json\/wp\/v2\/media\/10129"}],"wp:attachment":[{"href":"https:\/\/ikonisch.pt\/es\/wp-json\/wp\/v2\/media?parent=13172"}],"wp:term":[{"taxonomy":"product_brand","embeddable":true,"href":"https:\/\/ikonisch.pt\/es\/wp-json\/wp\/v2\/product_brand?post=13172"},{"taxonomy":"product_cat","embeddable":true,"href":"https:\/\/ikonisch.pt\/es\/wp-json\/wp\/v2\/product_cat?post=13172"},{"taxonomy":"product_tag","embeddable":true,"href":"https:\/\/ikonisch.pt\/es\/wp-json\/wp\/v2\/product_tag?post=13172"}],"curies":[{"name":"wp","href":"https:\/\/api.w.org\/{rel}","templated":true}]}}