{"id":13175,"date":"2021-09-01T11:49:28","date_gmt":"2021-09-01T11:49:28","guid":{"rendered":"https:\/\/ikonisch.pt\/produtos\/silla-gas-stua\/"},"modified":"2023-06-01T13:41:43","modified_gmt":"2023-06-01T13:41:43","slug":"silla-gas-stua","status":"publish","type":"product","link":"https:\/\/ikonisch.pt\/es\/produtos\/silla-gas-stua\/","title":{"rendered":"Silla Gas &#8211; Stua"},"content":{"rendered":"<p>Stua es un fabricante espa\u00f1ol de muebles de dise\u00f1o que ofrece una colecci\u00f3n contempor\u00e1nea basada en sillas, mesas, bancos, armarios, muebles de sal\u00f3n y exteriores. La colecci\u00f3n STUA es adecuada para uso residencial o comercial. Lo que separa los muebles de STUA de gran parte de los muebles de dise\u00f1o contempor\u00e1neo es la naturaleza duradera de la forma. El dise\u00f1o es atemporal. El trabajo de STUA est\u00e1 dise\u00f1ado y ejecutado a un nivel extraordinariamente alto de detalles est\u00e9ticos y de ingenier\u00eda y su trabajo es, de hecho, innovador y original.<\/p>\n","protected":false},"excerpt":{"rendered":"<p>Silla fija de 4 pies sin brazos &#8211; Estructura integral en aluminio cromado, asiento en PP de color negro y respaldo en red \u00abmesh\u00bb. Terminales en PP deslizantes.<\/p>\n","protected":false},"featured_media":9618,"template":"","meta":{"_acf_changed":false,"inline_featured_image":false},"product_brand":[],"product_cat":[689],"product_tag":[835],"class_list":{"0":"post-13175","1":"product","2":"type-product","3":"status-publish","4":"has-post-thumbnail","6":"product_cat-sillas","7":"product_tag-stua-es","9":"first","10":"outofstock","11":"shipping-taxable","12":"purchasable","13":"product-type-simple"},"acf":[],"aioseo_notices":[],"_links":{"self":[{"href":"https:\/\/ikonisch.pt\/es\/wp-json\/wp\/v2\/product\/13175","targetHints":{"allow":["GET"]}}],"collection":[{"href":"https:\/\/ikonisch.pt\/es\/wp-json\/wp\/v2\/product"}],"about":[{"href":"https:\/\/ikonisch.pt\/es\/wp-json\/wp\/v2\/types\/product"}],"wp:featuredmedia":[{"embeddable":true,"href":"https:\/\/ikonisch.pt\/es\/wp-json\/wp\/v2\/media\/9618"}],"wp:attachment":[{"href":"https:\/\/ikonisch.pt\/es\/wp-json\/wp\/v2\/media?parent=13175"}],"wp:term":[{"taxonomy":"product_brand","embeddable":true,"href":"https:\/\/ikonisch.pt\/es\/wp-json\/wp\/v2\/product_brand?post=13175"},{"taxonomy":"product_cat","embeddable":true,"href":"https:\/\/ikonisch.pt\/es\/wp-json\/wp\/v2\/product_cat?post=13175"},{"taxonomy":"product_tag","embeddable":true,"href":"https:\/\/ikonisch.pt\/es\/wp-json\/wp\/v2\/product_tag?post=13175"}],"curies":[{"name":"wp","href":"https:\/\/api.w.org\/{rel}","templated":true}]}}