{"id":13176,"date":"2021-09-01T11:49:12","date_gmt":"2021-09-01T11:49:12","guid":{"rendered":"https:\/\/ikonisch.pt\/produtos\/silla-penelope-castelli\/"},"modified":"2024-12-19T14:42:45","modified_gmt":"2024-12-19T14:42:45","slug":"silla-penelope-castelli","status":"publish","type":"product","link":"https:\/\/ikonisch.pt\/es\/produtos\/silla-penelope-castelli\/","title":{"rendered":"Silla Penelope &#8211; Castelli"},"content":{"rendered":"<p>La empresa de dise\u00f1o italiana comenz\u00f3 en 1877, cuando Ettore Castelli fund\u00f3 un peque\u00f1o taller en Bolonia. En 1939, la empresa pas\u00f3 a llamarse Anonima Castelli y comenz\u00f3 a producir muebles de oficina modernos, por lo que la marca es m\u00e1s conocida en el mercado vintage. Es reconocida como uno de los principales fabricantes de dise\u00f1o italiano del siglo XX y como productora de la ic\u00f3nica silla Plia. Castelli recibi\u00f3 cuatro premios Compasso d&#8217;Oro entre 1981 y 1991. En 1992, Castelli pas\u00f3 a formar parte del Grupo Haworth. Hoy en d\u00eda, Castelli se especializa en la producci\u00f3n de productos ecol\u00f3gicos y sostenibles.<\/p>\n","protected":false},"excerpt":{"rendered":"<p>Dise\u00f1ada por Charles Pollock, Pen\u00e9lope es una silla de visita con estructura tubular de acero cromado con un casco de malla de metal lacado en negro. Sobre la estructura tubular est\u00e1n los brazos acolchonados y el mango trasero.<\/p>\n","protected":false},"featured_media":9656,"template":"","meta":{"_acf_changed":false,"inline_featured_image":false},"product_brand":[],"product_cat":[689],"product_tag":[733,2239],"class_list":{"0":"post-13176","1":"product","2":"type-product","3":"status-publish","4":"has-post-thumbnail","6":"product_cat-sillas","7":"product_tag-castelli-es","8":"product_tag-charles-pollock-es","10":"first","11":"outofstock","12":"shipping-taxable","13":"purchasable","14":"product-type-simple"},"acf":[],"aioseo_notices":[],"_links":{"self":[{"href":"https:\/\/ikonisch.pt\/es\/wp-json\/wp\/v2\/product\/13176","targetHints":{"allow":["GET"]}}],"collection":[{"href":"https:\/\/ikonisch.pt\/es\/wp-json\/wp\/v2\/product"}],"about":[{"href":"https:\/\/ikonisch.pt\/es\/wp-json\/wp\/v2\/types\/product"}],"wp:featuredmedia":[{"embeddable":true,"href":"https:\/\/ikonisch.pt\/es\/wp-json\/wp\/v2\/media\/9656"}],"wp:attachment":[{"href":"https:\/\/ikonisch.pt\/es\/wp-json\/wp\/v2\/media?parent=13176"}],"wp:term":[{"taxonomy":"product_brand","embeddable":true,"href":"https:\/\/ikonisch.pt\/es\/wp-json\/wp\/v2\/product_brand?post=13176"},{"taxonomy":"product_cat","embeddable":true,"href":"https:\/\/ikonisch.pt\/es\/wp-json\/wp\/v2\/product_cat?post=13176"},{"taxonomy":"product_tag","embeddable":true,"href":"https:\/\/ikonisch.pt\/es\/wp-json\/wp\/v2\/product_tag?post=13176"}],"curies":[{"name":"wp","href":"https:\/\/api.w.org\/{rel}","templated":true}]}}