{"id":13178,"date":"2022-01-26T17:27:33","date_gmt":"2022-01-26T17:27:33","guid":{"rendered":"https:\/\/ikonisch.pt\/produtos\/lampara-de-mesa-hala-zeist\/"},"modified":"2022-01-26T17:27:33","modified_gmt":"2022-01-26T17:27:33","slug":"lampara-de-mesa-hala-zeist","status":"publish","type":"product","link":"https:\/\/ikonisch.pt\/es\/produtos\/lampara-de-mesa-hala-zeist\/","title":{"rendered":"L\u00e1mpara de Mesa &#8211; Hala Zeist"},"content":{"rendered":"","protected":false},"excerpt":{"rendered":"<p>L\u00e1mpara de mesa \u00abPiano Lamp\u00bb marr\u00f3n oscuro dise\u00f1ado por H. Th. J. A. (Herman Theodoor Jan Anthoin) Busquet para la Hala Zeist. Base de hierro fundido bajo chapa de acero lacada, brazo de acero cromado con regulaci\u00f3n longitudinal con mango para fijaci\u00f3n. Quiebra-luz lacado con di\u00e1metro de 4,5cm. Boquilla E14, interruptor de centro y alambre de tela.<\/p>\n","protected":false},"featured_media":10370,"template":"","meta":{"_acf_changed":false,"inline_featured_image":false},"product_brand":[],"product_cat":[693],"product_tag":[847],"class_list":{"0":"post-13178","1":"product","2":"type-product","3":"status-publish","4":"has-post-thumbnail","6":"product_cat-iluminacion","7":"product_tag-vintage-es","9":"first","10":"outofstock","11":"shipping-taxable","12":"purchasable","13":"product-type-simple"},"acf":[],"aioseo_notices":[],"_links":{"self":[{"href":"https:\/\/ikonisch.pt\/es\/wp-json\/wp\/v2\/product\/13178","targetHints":{"allow":["GET"]}}],"collection":[{"href":"https:\/\/ikonisch.pt\/es\/wp-json\/wp\/v2\/product"}],"about":[{"href":"https:\/\/ikonisch.pt\/es\/wp-json\/wp\/v2\/types\/product"}],"wp:featuredmedia":[{"embeddable":true,"href":"https:\/\/ikonisch.pt\/es\/wp-json\/wp\/v2\/media\/10370"}],"wp:attachment":[{"href":"https:\/\/ikonisch.pt\/es\/wp-json\/wp\/v2\/media?parent=13178"}],"wp:term":[{"taxonomy":"product_brand","embeddable":true,"href":"https:\/\/ikonisch.pt\/es\/wp-json\/wp\/v2\/product_brand?post=13178"},{"taxonomy":"product_cat","embeddable":true,"href":"https:\/\/ikonisch.pt\/es\/wp-json\/wp\/v2\/product_cat?post=13178"},{"taxonomy":"product_tag","embeddable":true,"href":"https:\/\/ikonisch.pt\/es\/wp-json\/wp\/v2\/product_tag?post=13178"}],"curies":[{"name":"wp","href":"https:\/\/api.w.org\/{rel}","templated":true}]}}