{"id":13183,"date":"2022-05-31T15:59:31","date_gmt":"2022-05-31T15:59:31","guid":{"rendered":"https:\/\/ikonisch.pt\/produtos\/lampara-bluebird-b-lux\/"},"modified":"2023-06-01T15:12:59","modified_gmt":"2023-06-01T15:12:59","slug":"lampara-bluebird-b-lux","status":"publish","type":"product","link":"https:\/\/ikonisch.pt\/es\/produtos\/lampara-bluebird-b-lux\/","title":{"rendered":"L\u00e1mpara Bluebird &#8211; B.lux"},"content":{"rendered":"","protected":false},"excerpt":{"rendered":"<p>Dise\u00f1ado por Jorge Pensi para B.lux, el Bluebird es una l\u00e1mpara de mesa con base y brazo de acero cromado que sostiene la varilla principal de madera con acabado negro mate. Su dise\u00f1o esbelto y din\u00e1mico se da por la versatilidad de las regulaciones en amplitud, altura de la varilla y rotaci\u00f3n del quiebra-luz.<\/p>\n","protected":false},"featured_media":10672,"template":"","meta":{"_acf_changed":false,"inline_featured_image":false},"product_brand":[],"product_cat":[693],"product_tag":[720,776],"class_list":{"0":"post-13183","1":"product","2":"type-product","3":"status-publish","4":"has-post-thumbnail","6":"product_cat-iluminacion","7":"product_tag-b-lux-es","8":"product_tag-jorge-pensi-es","10":"first","11":"outofstock","12":"shipping-taxable","13":"purchasable","14":"product-type-simple"},"acf":[],"aioseo_notices":[],"_links":{"self":[{"href":"https:\/\/ikonisch.pt\/es\/wp-json\/wp\/v2\/product\/13183","targetHints":{"allow":["GET"]}}],"collection":[{"href":"https:\/\/ikonisch.pt\/es\/wp-json\/wp\/v2\/product"}],"about":[{"href":"https:\/\/ikonisch.pt\/es\/wp-json\/wp\/v2\/types\/product"}],"wp:featuredmedia":[{"embeddable":true,"href":"https:\/\/ikonisch.pt\/es\/wp-json\/wp\/v2\/media\/10672"}],"wp:attachment":[{"href":"https:\/\/ikonisch.pt\/es\/wp-json\/wp\/v2\/media?parent=13183"}],"wp:term":[{"taxonomy":"product_brand","embeddable":true,"href":"https:\/\/ikonisch.pt\/es\/wp-json\/wp\/v2\/product_brand?post=13183"},{"taxonomy":"product_cat","embeddable":true,"href":"https:\/\/ikonisch.pt\/es\/wp-json\/wp\/v2\/product_cat?post=13183"},{"taxonomy":"product_tag","embeddable":true,"href":"https:\/\/ikonisch.pt\/es\/wp-json\/wp\/v2\/product_tag?post=13183"}],"curies":[{"name":"wp","href":"https:\/\/api.w.org\/{rel}","templated":true}]}}