{"id":13189,"date":"2022-01-24T12:42:53","date_gmt":"2022-01-24T12:42:53","guid":{"rendered":"https:\/\/ikonisch.pt\/produtos\/mesa-de-centro-tingstrom53000\/"},"modified":"2024-12-19T14:39:04","modified_gmt":"2024-12-19T14:39:04","slug":"mesa-de-centro-casino-tingstrom","status":"publish","type":"product","link":"https:\/\/ikonisch.pt\/es\/produtos\/mesa-de-centro-casino-tingstrom\/","title":{"rendered":"Mesa de centro Casino &#8211; Tingstr\u00f6m"},"content":{"rendered":"","protected":false},"excerpt":{"rendered":"<p>Mesa de centro Tingstr\u00f6m modelo Casino. Estructura y tapa em Teka maciza con travesa\u00f1os en acero.<\/p>\n","protected":false},"featured_media":16791,"template":"","meta":{"_acf_changed":false,"inline_featured_image":false},"product_brand":[],"product_cat":[694],"product_tag":[2231,798,800,2230,839],"class_list":{"0":"post-13189","1":"product","2":"type-product","3":"status-publish","4":"has-post-thumbnail","6":"product_cat-mesas-es","7":"product_tag-gunnar-myrstrand-es","8":"product_tag-mid-century-es","9":"product_tag-modern-es","10":"product_tag-sven-engstrom-es","11":"product_tag-tingstrom-es","13":"first","14":"outofstock","15":"shipping-taxable","16":"purchasable","17":"product-type-simple"},"acf":[],"aioseo_notices":[],"_links":{"self":[{"href":"https:\/\/ikonisch.pt\/es\/wp-json\/wp\/v2\/product\/13189","targetHints":{"allow":["GET"]}}],"collection":[{"href":"https:\/\/ikonisch.pt\/es\/wp-json\/wp\/v2\/product"}],"about":[{"href":"https:\/\/ikonisch.pt\/es\/wp-json\/wp\/v2\/types\/product"}],"wp:featuredmedia":[{"embeddable":true,"href":"https:\/\/ikonisch.pt\/es\/wp-json\/wp\/v2\/media\/16791"}],"wp:attachment":[{"href":"https:\/\/ikonisch.pt\/es\/wp-json\/wp\/v2\/media?parent=13189"}],"wp:term":[{"taxonomy":"product_brand","embeddable":true,"href":"https:\/\/ikonisch.pt\/es\/wp-json\/wp\/v2\/product_brand?post=13189"},{"taxonomy":"product_cat","embeddable":true,"href":"https:\/\/ikonisch.pt\/es\/wp-json\/wp\/v2\/product_cat?post=13189"},{"taxonomy":"product_tag","embeddable":true,"href":"https:\/\/ikonisch.pt\/es\/wp-json\/wp\/v2\/product_tag?post=13189"}],"curies":[{"name":"wp","href":"https:\/\/api.w.org\/{rel}","templated":true}]}}