{"id":13194,"date":"2021-09-01T11:49:43","date_gmt":"2021-09-01T11:49:43","guid":{"rendered":"https:\/\/ikonisch.pt\/produtos\/mesa-arper-dizzie-100\/"},"modified":"2023-06-01T15:46:48","modified_gmt":"2023-06-01T15:46:48","slug":"mesa-arper-dizzie-100","status":"publish","type":"product","link":"https:\/\/ikonisch.pt\/es\/produtos\/mesa-arper-dizzie-100\/","title":{"rendered":"Mesa Arper Dizzie 100"},"content":{"rendered":"<p>Arper es una marca de dise\u00f1o italiana cuya misi\u00f3n es sacar a la luz la esencia de un producto, ya sea una simple silla o mesa. Arper lo logra a trav\u00e9s de una innovaci\u00f3n continua y creando muebles que parecen naturales y que, no siendo muy complicados, se encuadran en la era moderna y cumplen con los requisitos actuales en cuanto a t\u00e9cnica, material, sustentabilidad y funci\u00f3n.<\/p>\n","protected":false},"excerpt":{"rendered":"<p>Mesa redonda de 1 metro de di\u00e1metro, con tapa con borde biselado, acabado en melamina en color blanco. Estructura en aluminio lacado en color blanco.<\/p>\n","protected":false},"featured_media":10078,"template":"","meta":{"_acf_changed":false,"inline_featured_image":false},"product_brand":[],"product_cat":[694],"product_tag":[712],"class_list":{"0":"post-13194","1":"product","2":"type-product","3":"status-publish","4":"has-post-thumbnail","6":"product_cat-mesas-es","7":"product_tag-arper-es","9":"first","10":"outofstock","11":"shipping-taxable","12":"purchasable","13":"product-type-simple"},"acf":[],"aioseo_notices":[],"_links":{"self":[{"href":"https:\/\/ikonisch.pt\/es\/wp-json\/wp\/v2\/product\/13194","targetHints":{"allow":["GET"]}}],"collection":[{"href":"https:\/\/ikonisch.pt\/es\/wp-json\/wp\/v2\/product"}],"about":[{"href":"https:\/\/ikonisch.pt\/es\/wp-json\/wp\/v2\/types\/product"}],"wp:featuredmedia":[{"embeddable":true,"href":"https:\/\/ikonisch.pt\/es\/wp-json\/wp\/v2\/media\/10078"}],"wp:attachment":[{"href":"https:\/\/ikonisch.pt\/es\/wp-json\/wp\/v2\/media?parent=13194"}],"wp:term":[{"taxonomy":"product_brand","embeddable":true,"href":"https:\/\/ikonisch.pt\/es\/wp-json\/wp\/v2\/product_brand?post=13194"},{"taxonomy":"product_cat","embeddable":true,"href":"https:\/\/ikonisch.pt\/es\/wp-json\/wp\/v2\/product_cat?post=13194"},{"taxonomy":"product_tag","embeddable":true,"href":"https:\/\/ikonisch.pt\/es\/wp-json\/wp\/v2\/product_tag?post=13194"}],"curies":[{"name":"wp","href":"https:\/\/api.w.org\/{rel}","templated":true}]}}