{"id":13202,"date":"2021-09-01T11:49:28","date_gmt":"2021-09-01T11:49:28","guid":{"rendered":"https:\/\/ikonisch.pt\/produtos\/mesa-de-apoyo-riley\/"},"modified":"2023-06-01T16:01:13","modified_gmt":"2023-06-01T16:01:13","slug":"mesa-de-apoyo-riley","status":"publish","type":"product","link":"https:\/\/ikonisch.pt\/es\/produtos\/mesa-de-apoyo-riley\/","title":{"rendered":"Mesa de Apoyo Riley"},"content":{"rendered":"<p>\u00abNaughtone es una empresa brit\u00e1nica de dise\u00f1o y fabricaci\u00f3n de muebles con sede en Yorkshire, Reino Unido. Fundada en 2005 por finalistas de dise\u00f1o, la empresa creci\u00f3 r\u00e1pidamente y en 2009 lanz\u00f3 uno de sus productos m\u00e1s importantes: la silla Hush. En 2012, fund\u00f3 su propia f\u00e1brica de tapicer\u00eda, lo que le permiti\u00f3 exhibir sus puntos fuertes y m\u00e1s competitivos en el mercado y en 2013 se aventur\u00f3 al mercado estadounidense con \u00e9xito inmediato.<br \/>\nEn 2016, Naughtone inici\u00f3 una asociaci\u00f3n estrat\u00e9gica con Herman Miller con el objetivo de acelerar su crecimiento en los mercados globales. La empresa produce art\u00edculos de fabricaci\u00f3n nacional y, cada vez m\u00e1s, internacional, para apoyar un enfoque razonable en cuanto a plazos de entrega, precios y factores ambientales. En octubre de 2019, Herman Miller adquiri\u00f3 acciones de Naughtone y pas\u00f3 a poseer el 100% de la propiedad de la empresa. Naughtone sigue siendo una marca independiente dentro del impresionante conjunto de empresas del Grupo Herman Miller.\u00bb<\/p>\n","protected":false},"excerpt":{"rendered":"<p>Mesa de apoyo lateral, estructura y tapa en madera maciza de roble americano.<\/p>\n","protected":false},"featured_media":9726,"template":"","meta":{"_acf_changed":false,"inline_featured_image":false},"product_brand":[],"product_cat":[694],"product_tag":[809],"class_list":{"0":"post-13202","1":"product","2":"type-product","3":"status-publish","4":"has-post-thumbnail","6":"product_cat-mesas-es","7":"product_tag-naughtone-es","9":"first","10":"outofstock","11":"shipping-taxable","12":"purchasable","13":"product-type-simple"},"acf":[],"aioseo_notices":[],"_links":{"self":[{"href":"https:\/\/ikonisch.pt\/es\/wp-json\/wp\/v2\/product\/13202","targetHints":{"allow":["GET"]}}],"collection":[{"href":"https:\/\/ikonisch.pt\/es\/wp-json\/wp\/v2\/product"}],"about":[{"href":"https:\/\/ikonisch.pt\/es\/wp-json\/wp\/v2\/types\/product"}],"wp:featuredmedia":[{"embeddable":true,"href":"https:\/\/ikonisch.pt\/es\/wp-json\/wp\/v2\/media\/9726"}],"wp:attachment":[{"href":"https:\/\/ikonisch.pt\/es\/wp-json\/wp\/v2\/media?parent=13202"}],"wp:term":[{"taxonomy":"product_brand","embeddable":true,"href":"https:\/\/ikonisch.pt\/es\/wp-json\/wp\/v2\/product_brand?post=13202"},{"taxonomy":"product_cat","embeddable":true,"href":"https:\/\/ikonisch.pt\/es\/wp-json\/wp\/v2\/product_cat?post=13202"},{"taxonomy":"product_tag","embeddable":true,"href":"https:\/\/ikonisch.pt\/es\/wp-json\/wp\/v2\/product_tag?post=13202"}],"curies":[{"name":"wp","href":"https:\/\/api.w.org\/{rel}","templated":true}]}}