{"id":13204,"date":"2021-09-01T11:49:28","date_gmt":"2021-09-01T11:49:28","guid":{"rendered":"https:\/\/ikonisch.pt\/produtos\/sillon-cascara-elite\/"},"modified":"2023-06-01T16:11:39","modified_gmt":"2023-06-01T16:11:39","slug":"sillon-cascara-elite","status":"publish","type":"product","link":"https:\/\/ikonisch.pt\/es\/produtos\/sillon-cascara-elite\/","title":{"rendered":"Sill\u00f3n C\u00e1scara &#8211; Elite"},"content":{"rendered":"<p>Sobre la base de m\u00e1s de 35 a\u00f1os de amplia experiencia en la industria, \u00e9lite se ha convertido en un protagonista en la fabricaci\u00f3n de muebles contempor\u00e1neos y adaptables a los lugares de trabajo. Influenciada por pr\u00e1cticas modernas, la marca se esfuerza por adoptar t\u00e9cnicas innovadoras, utilizando materiales de calidad para producir productos eficientes que complementan los entornos de trabajo, educaci\u00f3n y hospitalidad.<\/p>\n","protected":false},"excerpt":{"rendered":"<p>Sill\u00f3n individual, respaldo alto, giratorio, con casco en madera moldeada lacada en color blanco, asiento y respaldo en espuma moldeada con revestimiento de piel natural. Base de cinco radios de acero cromado.<\/p>\n","protected":false},"featured_media":9786,"template":"","meta":{"_acf_changed":false,"inline_featured_image":false},"product_brand":[],"product_cat":[697],"product_tag":[748],"class_list":{"0":"post-13204","1":"product","2":"type-product","3":"status-publish","4":"has-post-thumbnail","6":"product_cat-sofas-y-sillones","7":"product_tag-elite-uk-es","9":"first","10":"outofstock","11":"shipping-taxable","12":"purchasable","13":"product-type-simple"},"acf":[],"aioseo_notices":[],"_links":{"self":[{"href":"https:\/\/ikonisch.pt\/es\/wp-json\/wp\/v2\/product\/13204","targetHints":{"allow":["GET"]}}],"collection":[{"href":"https:\/\/ikonisch.pt\/es\/wp-json\/wp\/v2\/product"}],"about":[{"href":"https:\/\/ikonisch.pt\/es\/wp-json\/wp\/v2\/types\/product"}],"wp:featuredmedia":[{"embeddable":true,"href":"https:\/\/ikonisch.pt\/es\/wp-json\/wp\/v2\/media\/9786"}],"wp:attachment":[{"href":"https:\/\/ikonisch.pt\/es\/wp-json\/wp\/v2\/media?parent=13204"}],"wp:term":[{"taxonomy":"product_brand","embeddable":true,"href":"https:\/\/ikonisch.pt\/es\/wp-json\/wp\/v2\/product_brand?post=13204"},{"taxonomy":"product_cat","embeddable":true,"href":"https:\/\/ikonisch.pt\/es\/wp-json\/wp\/v2\/product_cat?post=13204"},{"taxonomy":"product_tag","embeddable":true,"href":"https:\/\/ikonisch.pt\/es\/wp-json\/wp\/v2\/product_tag?post=13204"}],"curies":[{"name":"wp","href":"https:\/\/api.w.org\/{rel}","templated":true}]}}