{"id":13208,"date":"2022-10-07T14:18:46","date_gmt":"2022-10-07T14:18:46","guid":{"rendered":"https:\/\/ikonisch.pt\/produtos\/sillon-manzu-lounge-090-alias\/"},"modified":"2023-06-02T13:16:02","modified_gmt":"2023-06-02T13:16:02","slug":"sillon-manzu-lounge-090-alias","status":"publish","type":"product","link":"https:\/\/ikonisch.pt\/es\/produtos\/sillon-manzu-lounge-090-alias\/","title":{"rendered":"Sill\u00f3n Manz\u00f9 Lounge 090 &#8211; Alias"},"content":{"rendered":"","protected":false},"excerpt":{"rendered":"<p>Dise\u00f1ada en 1957 por Pio Manz\u00f9 y producida en 2011 para Alias, el Sill\u00f3n 090 tiene su estructura en poliuretano compacto moldeado junto con poliuretano expandido basado en una base de cinco radios de aluminio fundido. Sill\u00f3n revestido por \u00abPelle Frau\u00ae\u00bb Camel con reposacabezas deslizante.<\/p>\n","protected":false},"featured_media":10868,"template":"","meta":{"_acf_changed":false,"inline_featured_image":false},"product_brand":[],"product_cat":[698,697],"product_tag":[701,821],"class_list":{"0":"post-13208","1":"product","2":"type-product","3":"status-publish","4":"has-post-thumbnail","6":"product_cat-coleccion-vintage","7":"product_cat-sofas-y-sillones","8":"product_tag-alias-es","9":"product_tag-pio-manzu-es","11":"first","12":"outofstock","13":"shipping-taxable","14":"purchasable","15":"product-type-simple"},"acf":[],"aioseo_notices":[],"_links":{"self":[{"href":"https:\/\/ikonisch.pt\/es\/wp-json\/wp\/v2\/product\/13208","targetHints":{"allow":["GET"]}}],"collection":[{"href":"https:\/\/ikonisch.pt\/es\/wp-json\/wp\/v2\/product"}],"about":[{"href":"https:\/\/ikonisch.pt\/es\/wp-json\/wp\/v2\/types\/product"}],"wp:featuredmedia":[{"embeddable":true,"href":"https:\/\/ikonisch.pt\/es\/wp-json\/wp\/v2\/media\/10868"}],"wp:attachment":[{"href":"https:\/\/ikonisch.pt\/es\/wp-json\/wp\/v2\/media?parent=13208"}],"wp:term":[{"taxonomy":"product_brand","embeddable":true,"href":"https:\/\/ikonisch.pt\/es\/wp-json\/wp\/v2\/product_brand?post=13208"},{"taxonomy":"product_cat","embeddable":true,"href":"https:\/\/ikonisch.pt\/es\/wp-json\/wp\/v2\/product_cat?post=13208"},{"taxonomy":"product_tag","embeddable":true,"href":"https:\/\/ikonisch.pt\/es\/wp-json\/wp\/v2\/product_tag?post=13208"}],"curies":[{"name":"wp","href":"https:\/\/api.w.org\/{rel}","templated":true}]}}