{"id":13212,"date":"2023-06-28T06:00:00","date_gmt":"2022-05-11T11:25:00","guid":{"rendered":"https:\/\/ikonisch.pt\/produtos\/sillon-de-cuero\/"},"modified":"2023-06-27T20:32:24","modified_gmt":"2023-06-27T20:32:24","slug":"sillon-de-cuero","status":"publish","type":"product","link":"https:\/\/ikonisch.pt\/es\/produtos\/sillon-de-cuero\/","title":{"rendered":"Sill\u00f3n de Cuero"},"content":{"rendered":"","protected":false},"excerpt":{"rendered":"<p>Sillones de cuero natural negra. Obra Italiana de los a\u00f1os 70 con estructura en perfiles de aluminio lacados en negro. Sistema de reclinaci\u00f3n del asiento en ra\u00edl y mecanismo de regulaci\u00f3n del coj\u00edn de la espalda.<\/p>\n<p>Atenci\u00f3n: Valor unitario.<\/p>\n","protected":false},"featured_media":10566,"template":"","meta":{"_acf_changed":false,"inline_featured_image":false},"product_brand":[],"product_cat":[698,697],"product_tag":[],"class_list":{"0":"post-13212","1":"product","2":"type-product","3":"status-publish","4":"has-post-thumbnail","6":"product_cat-coleccion-vintage","7":"product_cat-sofas-y-sillones","9":"first","10":"outofstock","11":"shipping-taxable","12":"purchasable","13":"product-type-simple"},"acf":[],"aioseo_notices":[],"_links":{"self":[{"href":"https:\/\/ikonisch.pt\/es\/wp-json\/wp\/v2\/product\/13212","targetHints":{"allow":["GET"]}}],"collection":[{"href":"https:\/\/ikonisch.pt\/es\/wp-json\/wp\/v2\/product"}],"about":[{"href":"https:\/\/ikonisch.pt\/es\/wp-json\/wp\/v2\/types\/product"}],"wp:featuredmedia":[{"embeddable":true,"href":"https:\/\/ikonisch.pt\/es\/wp-json\/wp\/v2\/media\/10566"}],"wp:attachment":[{"href":"https:\/\/ikonisch.pt\/es\/wp-json\/wp\/v2\/media?parent=13212"}],"wp:term":[{"taxonomy":"product_brand","embeddable":true,"href":"https:\/\/ikonisch.pt\/es\/wp-json\/wp\/v2\/product_brand?post=13212"},{"taxonomy":"product_cat","embeddable":true,"href":"https:\/\/ikonisch.pt\/es\/wp-json\/wp\/v2\/product_cat?post=13212"},{"taxonomy":"product_tag","embeddable":true,"href":"https:\/\/ikonisch.pt\/es\/wp-json\/wp\/v2\/product_tag?post=13212"}],"curies":[{"name":"wp","href":"https:\/\/api.w.org\/{rel}","templated":true}]}}