{"id":13213,"date":"2021-09-01T11:49:43","date_gmt":"2021-09-01T11:49:43","guid":{"rendered":"https:\/\/ikonisch.pt\/produtos\/silla\/"},"modified":"2023-06-02T13:29:43","modified_gmt":"2023-06-02T13:29:43","slug":"silla","status":"publish","type":"product","link":"https:\/\/ikonisch.pt\/es\/produtos\/silla\/","title":{"rendered":"Silla Swan &#8211; Fritz Hansen"},"content":{"rendered":"<p>Fritz Hansen es una empresa de muebles danesa fundada en 1872. Esta marca de dise\u00f1o \u00fanico e internacional es conocida por sus productos \u00fanicos y sentido de calidad. Uno de sus dise\u00f1adores m\u00e1s conocidos fue Arne Jacobsen, el cerebro detr\u00e1s de varios productos ic\u00f3nicos de la colecci\u00f3n Fritz Hansen. La silla Butterfly (Serie 7) y la silla Egg son solo dos ejemplos.<\/p>\n","protected":false},"excerpt":{"rendered":"<p>Sill\u00f3n giratorio individual, respaldo medio, con reposabrazos. Casco moldeado con espuma inyectada recubierta de tejido original. Estructura de cuatro radios en aluminio pulido.<\/p>\n","protected":false},"featured_media":9928,"template":"","meta":{"_acf_changed":false,"inline_featured_image":false},"product_brand":[],"product_cat":[698,697],"product_tag":[756,847],"class_list":{"0":"post-13213","1":"product","2":"type-product","3":"status-publish","4":"has-post-thumbnail","6":"product_cat-coleccion-vintage","7":"product_cat-sofas-y-sillones","8":"product_tag-fritz-hansen-es","9":"product_tag-vintage-es","11":"first","12":"outofstock","13":"shipping-taxable","14":"purchasable","15":"product-type-simple"},"acf":[],"aioseo_notices":[],"_links":{"self":[{"href":"https:\/\/ikonisch.pt\/es\/wp-json\/wp\/v2\/product\/13213","targetHints":{"allow":["GET"]}}],"collection":[{"href":"https:\/\/ikonisch.pt\/es\/wp-json\/wp\/v2\/product"}],"about":[{"href":"https:\/\/ikonisch.pt\/es\/wp-json\/wp\/v2\/types\/product"}],"wp:featuredmedia":[{"embeddable":true,"href":"https:\/\/ikonisch.pt\/es\/wp-json\/wp\/v2\/media\/9928"}],"wp:attachment":[{"href":"https:\/\/ikonisch.pt\/es\/wp-json\/wp\/v2\/media?parent=13213"}],"wp:term":[{"taxonomy":"product_brand","embeddable":true,"href":"https:\/\/ikonisch.pt\/es\/wp-json\/wp\/v2\/product_brand?post=13213"},{"taxonomy":"product_cat","embeddable":true,"href":"https:\/\/ikonisch.pt\/es\/wp-json\/wp\/v2\/product_cat?post=13213"},{"taxonomy":"product_tag","embeddable":true,"href":"https:\/\/ikonisch.pt\/es\/wp-json\/wp\/v2\/product_tag?post=13213"}],"curies":[{"name":"wp","href":"https:\/\/api.w.org\/{rel}","templated":true}]}}