{"id":13215,"date":"2022-01-21T12:20:40","date_gmt":"2022-01-21T12:20:40","guid":{"rendered":"https:\/\/ikonisch.pt\/produtos\/aluminium-chair-ea117-hopsak-vitra\/"},"modified":"2023-06-02T13:43:47","modified_gmt":"2023-06-02T13:43:47","slug":"aluminium-chair-ea117-hopsak-vitra","status":"publish","type":"product","link":"https:\/\/ikonisch.pt\/es\/produtos\/aluminium-chair-ea117-hopsak-vitra\/","title":{"rendered":"Aluminium Chair EA117 Hopsak &#8211; Vitra"},"content":{"rendered":"","protected":false},"excerpt":{"rendered":"<p>Dise\u00f1ado por Charles y Ray Eames y fabricado por Vitra este modelo EA117 es una silla giratoria y redonda de respaldo mediano con base de cinco radios y brazos fijos. Asiento y respaldo recubiertos de tela Hopsak dark Grey ref.\u00aa05. Estructura, base y brazos de aluminio cromado. Sistemas de reclinaci\u00f3n y elevaci\u00f3n neum\u00e1tica.<\/p>\n","protected":false},"featured_media":10227,"template":"","meta":{"_acf_changed":false,"inline_featured_image":false},"product_brand":[],"product_cat":[691],"product_tag":[735,848],"class_list":{"0":"post-13215","1":"product","2":"type-product","3":"status-publish","4":"has-post-thumbnail","6":"product_cat-oficina","7":"product_tag-charles-ray-eames-es","8":"product_tag-vitra-es","10":"first","11":"outofstock","12":"shipping-taxable","13":"purchasable","14":"product-type-simple"},"acf":[],"aioseo_notices":[],"_links":{"self":[{"href":"https:\/\/ikonisch.pt\/es\/wp-json\/wp\/v2\/product\/13215","targetHints":{"allow":["GET"]}}],"collection":[{"href":"https:\/\/ikonisch.pt\/es\/wp-json\/wp\/v2\/product"}],"about":[{"href":"https:\/\/ikonisch.pt\/es\/wp-json\/wp\/v2\/types\/product"}],"wp:featuredmedia":[{"embeddable":true,"href":"https:\/\/ikonisch.pt\/es\/wp-json\/wp\/v2\/media\/10227"}],"wp:attachment":[{"href":"https:\/\/ikonisch.pt\/es\/wp-json\/wp\/v2\/media?parent=13215"}],"wp:term":[{"taxonomy":"product_brand","embeddable":true,"href":"https:\/\/ikonisch.pt\/es\/wp-json\/wp\/v2\/product_brand?post=13215"},{"taxonomy":"product_cat","embeddable":true,"href":"https:\/\/ikonisch.pt\/es\/wp-json\/wp\/v2\/product_cat?post=13215"},{"taxonomy":"product_tag","embeddable":true,"href":"https:\/\/ikonisch.pt\/es\/wp-json\/wp\/v2\/product_tag?post=13215"}],"curies":[{"name":"wp","href":"https:\/\/api.w.org\/{rel}","templated":true}]}}