{"id":13217,"date":"2021-09-01T11:49:28","date_gmt":"2021-09-01T11:49:28","guid":{"rendered":"https:\/\/ikonisch.pt\/produtos\/sofa-individual-en-cuero\/"},"modified":"2023-06-02T13:49:01","modified_gmt":"2023-06-02T13:49:01","slug":"sofa-individual-en-cuero","status":"publish","type":"product","link":"https:\/\/ikonisch.pt\/es\/produtos\/sofa-individual-en-cuero\/","title":{"rendered":"Sof\u00e1 Individual en Cuero"},"content":{"rendered":"","protected":false},"excerpt":{"rendered":"<p>Sof\u00e1 individual fabricado en Portugal en los a\u00f1os 70 bajo patente, de origen italiano, de los dise\u00f1adores Tatina Ammannati &amp; Giampiero Vitelli. Tapizado en cuero marr\u00f3n, estructura de acero cromado.<\/p>\n","protected":false},"featured_media":10039,"template":"","meta":{"_acf_changed":false,"inline_featured_image":false},"product_brand":[],"product_cat":[698,697],"product_tag":[704,847],"class_list":{"0":"post-13217","1":"product","2":"type-product","3":"status-publish","4":"has-post-thumbnail","6":"product_cat-coleccion-vintage","7":"product_cat-sofas-y-sillones","8":"product_tag-ammannati-vitelli-es","9":"product_tag-vintage-es","11":"first","12":"outofstock","13":"shipping-taxable","14":"purchasable","15":"product-type-simple"},"acf":[],"aioseo_notices":[],"_links":{"self":[{"href":"https:\/\/ikonisch.pt\/es\/wp-json\/wp\/v2\/product\/13217","targetHints":{"allow":["GET"]}}],"collection":[{"href":"https:\/\/ikonisch.pt\/es\/wp-json\/wp\/v2\/product"}],"about":[{"href":"https:\/\/ikonisch.pt\/es\/wp-json\/wp\/v2\/types\/product"}],"wp:featuredmedia":[{"embeddable":true,"href":"https:\/\/ikonisch.pt\/es\/wp-json\/wp\/v2\/media\/10039"}],"wp:attachment":[{"href":"https:\/\/ikonisch.pt\/es\/wp-json\/wp\/v2\/media?parent=13217"}],"wp:term":[{"taxonomy":"product_brand","embeddable":true,"href":"https:\/\/ikonisch.pt\/es\/wp-json\/wp\/v2\/product_brand?post=13217"},{"taxonomy":"product_cat","embeddable":true,"href":"https:\/\/ikonisch.pt\/es\/wp-json\/wp\/v2\/product_cat?post=13217"},{"taxonomy":"product_tag","embeddable":true,"href":"https:\/\/ikonisch.pt\/es\/wp-json\/wp\/v2\/product_tag?post=13217"}],"curies":[{"name":"wp","href":"https:\/\/api.w.org\/{rel}","templated":true}]}}