{"id":13221,"date":"2021-09-01T11:49:28","date_gmt":"2021-09-01T11:49:28","guid":{"rendered":"https:\/\/ikonisch.pt\/produtos\/silla-duo-balance-stokke-2\/"},"modified":"2023-06-02T14:00:19","modified_gmt":"2023-06-02T14:00:19","slug":"silla-duo-balance-stokke-2","status":"publish","type":"product","link":"https:\/\/ikonisch.pt\/es\/produtos\/silla-duo-balance-stokke-2\/","title":{"rendered":"Silla Duo Balance &#8211; Stokke"},"content":{"rendered":"<p>Stokke fue fundada en 1932 como una empresa especializada en el dise\u00f1o y la producci\u00f3n de muebles de alta calidad en los Alpes de Noruega, por Georg Stokke. Este fue el comienzo de una tradici\u00f3n familiar de artesan\u00eda y calidad que se extendi\u00f3 a lo largo de tres generaciones. Stokke fue uno de los primeros fabricantes de muebles en emplear mujeres y dise\u00f1adores internos en Noruega. Los primeros dise\u00f1os de muebles de Stokke permanecen en circulaci\u00f3n hasta la fecha y se han convertido en piezas vintage altamente valoradas para consumidores orientados al dise\u00f1o.<\/p>\n","protected":false},"excerpt":{"rendered":"<p>Mecedora con brazos y reposacabezas. Doble ajuste de inclinaci\u00f3n para un mejor movimiento del cuerpo, asiento, respaldo y soporte de cabeza en tela a elecci\u00f3n del cliente. Estructura de madera moldeada que permite la aplicaci\u00f3n de velatura seg\u00fan los requisitos del cliente.<\/p>\n","protected":false},"featured_media":9849,"template":"","meta":{"_acf_changed":false,"inline_featured_image":false},"product_brand":[],"product_cat":[698,697],"product_tag":[832,847],"class_list":{"0":"post-13221","1":"product","2":"type-product","3":"status-publish","4":"has-post-thumbnail","6":"product_cat-coleccion-vintage","7":"product_cat-sofas-y-sillones","8":"product_tag-stokke-es","9":"product_tag-vintage-es","11":"first","12":"outofstock","13":"shipping-taxable","14":"purchasable","15":"product-type-simple"},"acf":[],"aioseo_notices":[],"_links":{"self":[{"href":"https:\/\/ikonisch.pt\/es\/wp-json\/wp\/v2\/product\/13221","targetHints":{"allow":["GET"]}}],"collection":[{"href":"https:\/\/ikonisch.pt\/es\/wp-json\/wp\/v2\/product"}],"about":[{"href":"https:\/\/ikonisch.pt\/es\/wp-json\/wp\/v2\/types\/product"}],"wp:featuredmedia":[{"embeddable":true,"href":"https:\/\/ikonisch.pt\/es\/wp-json\/wp\/v2\/media\/9849"}],"wp:attachment":[{"href":"https:\/\/ikonisch.pt\/es\/wp-json\/wp\/v2\/media?parent=13221"}],"wp:term":[{"taxonomy":"product_brand","embeddable":true,"href":"https:\/\/ikonisch.pt\/es\/wp-json\/wp\/v2\/product_brand?post=13221"},{"taxonomy":"product_cat","embeddable":true,"href":"https:\/\/ikonisch.pt\/es\/wp-json\/wp\/v2\/product_cat?post=13221"},{"taxonomy":"product_tag","embeddable":true,"href":"https:\/\/ikonisch.pt\/es\/wp-json\/wp\/v2\/product_tag?post=13221"}],"curies":[{"name":"wp","href":"https:\/\/api.w.org\/{rel}","templated":true}]}}