{"id":13222,"date":"2021-09-01T11:49:43","date_gmt":"2021-09-01T11:49:43","guid":{"rendered":"https:\/\/ikonisch.pt\/produtos\/escritorio-nordico-pau-rosa\/"},"modified":"2023-06-02T14:03:10","modified_gmt":"2023-06-02T14:03:10","slug":"escritorio-nordico-pau-rosa","status":"publish","type":"product","link":"https:\/\/ikonisch.pt\/es\/produtos\/escritorio-nordico-pau-rosa\/","title":{"rendered":"Escritorio N\u00f3rdico Pau Rosa"},"content":{"rendered":"<p>\u00abFundada en 1960, Dyrlund se enorgullece de proporcionar solo muebles de la mejor calidad para residencias y oficinas ejecutivas de alto nivel. El logotipo del sello de oro de calidad es una expresi\u00f3n de su actitud hacia la producci\u00f3n de muebles &#8211; solo el mejor sirve.<br \/>\nLos muebles de la marca Dyrlund se pueden encontrar en todo el mundo, que incluye muchos jefes de estado, una selecci\u00f3n de lores y varias celebridades. Cuando se le pregunt\u00f3 sobre algunos de sus clientes m\u00e1s famosos, el director de la empresa Bent M\u1ec5ller J\u1ec5rgensen mostr\u00f3 una foto de Mikhail Gorbachev, de pie detr\u00e1s de su escritorio Dyrlund.\u00bb<\/p>\n","protected":false},"excerpt":{"rendered":"<p>Escritorio ejecutivo 1600&#215;740 con 3 cajones, estructura y tapa en madera de palo rosa (necesita restauraci\u00f3n y pulido de los tiradores).<\/p>\n","protected":false},"featured_media":28706,"template":"","meta":{"_acf_changed":false,"inline_featured_image":false},"product_brand":[],"product_cat":[698,691],"product_tag":[745,847],"class_list":{"0":"post-13222","1":"product","2":"type-product","3":"status-publish","4":"has-post-thumbnail","6":"product_cat-coleccion-vintage","7":"product_cat-oficina","8":"product_tag-dyrlund-smith-es","9":"product_tag-vintage-es","11":"first","12":"outofstock","13":"shipping-taxable","14":"purchasable","15":"product-type-simple"},"acf":[],"aioseo_notices":[],"_links":{"self":[{"href":"https:\/\/ikonisch.pt\/es\/wp-json\/wp\/v2\/product\/13222","targetHints":{"allow":["GET"]}}],"collection":[{"href":"https:\/\/ikonisch.pt\/es\/wp-json\/wp\/v2\/product"}],"about":[{"href":"https:\/\/ikonisch.pt\/es\/wp-json\/wp\/v2\/types\/product"}],"wp:featuredmedia":[{"embeddable":true,"href":"https:\/\/ikonisch.pt\/es\/wp-json\/wp\/v2\/media\/28706"}],"wp:attachment":[{"href":"https:\/\/ikonisch.pt\/es\/wp-json\/wp\/v2\/media?parent=13222"}],"wp:term":[{"taxonomy":"product_brand","embeddable":true,"href":"https:\/\/ikonisch.pt\/es\/wp-json\/wp\/v2\/product_brand?post=13222"},{"taxonomy":"product_cat","embeddable":true,"href":"https:\/\/ikonisch.pt\/es\/wp-json\/wp\/v2\/product_cat?post=13222"},{"taxonomy":"product_tag","embeddable":true,"href":"https:\/\/ikonisch.pt\/es\/wp-json\/wp\/v2\/product_tag?post=13222"}],"curies":[{"name":"wp","href":"https:\/\/api.w.org\/{rel}","templated":true}]}}