{"id":13228,"date":"2021-09-01T11:49:12","date_gmt":"2021-09-01T11:49:12","guid":{"rendered":"https:\/\/ikonisch.pt\/produtos\/silla-comforto-steelcase\/"},"modified":"2023-06-02T16:08:33","modified_gmt":"2023-06-02T16:08:33","slug":"silla-comforto-steelcase","status":"publish","type":"product","link":"https:\/\/ikonisch.pt\/es\/produtos\/silla-comforto-steelcase\/","title":{"rendered":"Silla Comforto &#8211; Steelcase"},"content":{"rendered":"<p>Steelcase es una empresa l\u00edder mundial en el sector del mobiliario met\u00e1lico con sede en Estados Unidos y fundada en 1912 en Grand Rapids, Michigan. La empresa produce mobiliario de oficina, productos arquitect\u00f3nicos y de tecnolog\u00eda para ambientes de oficina y para los sectores de educaci\u00f3n, salud y comercio. Es el mayor fabricante de muebles de oficina en el mundo. La compa\u00f1\u00eda est\u00e1 presente en cerca de 80 Pa\u00edses y tiene 11.000 empleados en todo el mundo.<\/p>\n","protected":false},"excerpt":{"rendered":"<p>Silla de visitante, respaldo medio, con reposabrazos. Asiento y respaldo en casco moldeado de PP con espuma recubierta de cuero natural de color marr\u00f3n. Base de 4 radios con pie central giratorio.<\/p>\n","protected":false},"featured_media":9598,"template":"","meta":{"_acf_changed":false,"inline_featured_image":false},"product_brand":[],"product_cat":[689],"product_tag":[831],"class_list":{"0":"post-13228","1":"product","2":"type-product","3":"status-publish","4":"has-post-thumbnail","6":"product_cat-sillas","7":"product_tag-steelcase-es","9":"first","10":"outofstock","11":"shipping-taxable","12":"purchasable","13":"product-type-simple"},"acf":[],"aioseo_notices":[],"_links":{"self":[{"href":"https:\/\/ikonisch.pt\/es\/wp-json\/wp\/v2\/product\/13228","targetHints":{"allow":["GET"]}}],"collection":[{"href":"https:\/\/ikonisch.pt\/es\/wp-json\/wp\/v2\/product"}],"about":[{"href":"https:\/\/ikonisch.pt\/es\/wp-json\/wp\/v2\/types\/product"}],"wp:featuredmedia":[{"embeddable":true,"href":"https:\/\/ikonisch.pt\/es\/wp-json\/wp\/v2\/media\/9598"}],"wp:attachment":[{"href":"https:\/\/ikonisch.pt\/es\/wp-json\/wp\/v2\/media?parent=13228"}],"wp:term":[{"taxonomy":"product_brand","embeddable":true,"href":"https:\/\/ikonisch.pt\/es\/wp-json\/wp\/v2\/product_brand?post=13228"},{"taxonomy":"product_cat","embeddable":true,"href":"https:\/\/ikonisch.pt\/es\/wp-json\/wp\/v2\/product_cat?post=13228"},{"taxonomy":"product_tag","embeddable":true,"href":"https:\/\/ikonisch.pt\/es\/wp-json\/wp\/v2\/product_tag?post=13228"}],"curies":[{"name":"wp","href":"https:\/\/api.w.org\/{rel}","templated":true}]}}