{"id":13232,"date":"2022-05-10T12:58:47","date_gmt":"2022-05-10T12:58:47","guid":{"rendered":"https:\/\/ikonisch.pt\/produtos\/mesa-nomos-tecno\/"},"modified":"2023-06-02T16:58:48","modified_gmt":"2023-06-02T16:58:48","slug":"mesa-nomos-tecno","status":"publish","type":"product","link":"https:\/\/ikonisch.pt\/es\/produtos\/mesa-nomos-tecno\/","title":{"rendered":"Mesa Nomos &#8211; Tecno"},"content":{"rendered":"","protected":false},"excerpt":{"rendered":"<p>Dise\u00f1ada por Norman Foster en 1986, la galardonada mesa Nomos marc\u00f3 un hito en el dise\u00f1o industrial. Su soporte central cromado soporta las cuatro patas que incluyen los pateres redondos. A la misma estructura central se incluyen las cuatro piezas de aluminio moldeado que soportan las ventosas de fijaci\u00f3n del vidrio.<\/p>\n<p>Contamos con varias soluciones para la tapa de esta mesa, desde la tapa original de vidrio, como otros personalizados.<\/p>\n","protected":false},"featured_media":10539,"template":"","meta":{"_acf_changed":false,"inline_featured_image":false},"product_brand":[],"product_cat":[694,691],"product_tag":[814,836],"class_list":{"0":"post-13232","1":"product","2":"type-product","3":"status-publish","4":"has-post-thumbnail","6":"product_cat-mesas-es","7":"product_cat-oficina","8":"product_tag-norman-foster-es","9":"product_tag-tecno-es","11":"first","12":"outofstock","13":"shipping-taxable","14":"purchasable","15":"product-type-simple"},"acf":[],"aioseo_notices":[],"_links":{"self":[{"href":"https:\/\/ikonisch.pt\/es\/wp-json\/wp\/v2\/product\/13232","targetHints":{"allow":["GET"]}}],"collection":[{"href":"https:\/\/ikonisch.pt\/es\/wp-json\/wp\/v2\/product"}],"about":[{"href":"https:\/\/ikonisch.pt\/es\/wp-json\/wp\/v2\/types\/product"}],"wp:featuredmedia":[{"embeddable":true,"href":"https:\/\/ikonisch.pt\/es\/wp-json\/wp\/v2\/media\/10539"}],"wp:attachment":[{"href":"https:\/\/ikonisch.pt\/es\/wp-json\/wp\/v2\/media?parent=13232"}],"wp:term":[{"taxonomy":"product_brand","embeddable":true,"href":"https:\/\/ikonisch.pt\/es\/wp-json\/wp\/v2\/product_brand?post=13232"},{"taxonomy":"product_cat","embeddable":true,"href":"https:\/\/ikonisch.pt\/es\/wp-json\/wp\/v2\/product_cat?post=13232"},{"taxonomy":"product_tag","embeddable":true,"href":"https:\/\/ikonisch.pt\/es\/wp-json\/wp\/v2\/product_tag?post=13232"}],"curies":[{"name":"wp","href":"https:\/\/api.w.org\/{rel}","templated":true}]}}