{"id":13235,"date":"2022-05-10T11:02:28","date_gmt":"2022-05-10T11:02:28","guid":{"rendered":"https:\/\/ikonisch.pt\/produtos\/sofa-progetti-giorgetti\/"},"modified":"2024-12-19T14:33:08","modified_gmt":"2024-12-19T14:33:08","slug":"sofa-progetti-giorgetti","status":"publish","type":"product","link":"https:\/\/ikonisch.pt\/es\/produtos\/sofa-progetti-giorgetti\/","title":{"rendered":"Sof\u00e1 Progetti &#8211; Giorgetti"},"content":{"rendered":"","protected":false},"excerpt":{"rendered":"<p>Dise\u00f1ado por Umberto Asnago y fabricado por Giorgetti este modelo Progetti es una silla lounge de respaldo alta. Su estructura con l\u00edneas org\u00e1nicas se hace notar por los brazos y pies en madera aparente con detalle de uni\u00f3n en madera de palo hierro. El asiento y el respaldo en poliuretano indeformable est\u00e1n recubiertos por un tapizado extra\u00edble de cuero natural en color terracota.<\/p>\n","protected":false},"featured_media":10507,"template":"","meta":{"_acf_changed":false,"inline_featured_image":false},"product_brand":[],"product_cat":[697],"product_tag":[758,2210],"class_list":{"0":"post-13235","1":"product","2":"type-product","3":"status-publish","4":"has-post-thumbnail","6":"product_cat-sofas-y-sillones","7":"product_tag-giorgetti-es","8":"product_tag-umberto-asnago-es","10":"first","11":"outofstock","12":"shipping-taxable","13":"purchasable","14":"product-type-simple"},"acf":[],"aioseo_notices":[],"_links":{"self":[{"href":"https:\/\/ikonisch.pt\/es\/wp-json\/wp\/v2\/product\/13235","targetHints":{"allow":["GET"]}}],"collection":[{"href":"https:\/\/ikonisch.pt\/es\/wp-json\/wp\/v2\/product"}],"about":[{"href":"https:\/\/ikonisch.pt\/es\/wp-json\/wp\/v2\/types\/product"}],"wp:featuredmedia":[{"embeddable":true,"href":"https:\/\/ikonisch.pt\/es\/wp-json\/wp\/v2\/media\/10507"}],"wp:attachment":[{"href":"https:\/\/ikonisch.pt\/es\/wp-json\/wp\/v2\/media?parent=13235"}],"wp:term":[{"taxonomy":"product_brand","embeddable":true,"href":"https:\/\/ikonisch.pt\/es\/wp-json\/wp\/v2\/product_brand?post=13235"},{"taxonomy":"product_cat","embeddable":true,"href":"https:\/\/ikonisch.pt\/es\/wp-json\/wp\/v2\/product_cat?post=13235"},{"taxonomy":"product_tag","embeddable":true,"href":"https:\/\/ikonisch.pt\/es\/wp-json\/wp\/v2\/product_tag?post=13235"}],"curies":[{"name":"wp","href":"https:\/\/api.w.org\/{rel}","templated":true}]}}