{"id":13236,"date":"2022-05-31T15:49:33","date_gmt":"2022-05-31T15:49:33","guid":{"rendered":"https:\/\/ikonisch.pt\/produtos\/sofa-polder-xl-azul-vitra\/"},"modified":"2023-06-02T17:07:50","modified_gmt":"2023-06-02T17:07:50","slug":"sofa-polder-xl-azul-vitra","status":"publish","type":"product","link":"https:\/\/ikonisch.pt\/es\/produtos\/sofa-polder-xl-azul-vitra\/","title":{"rendered":"Sof\u00e1 Polder XL Azul &#8211; Vitra"},"content":{"rendered":"","protected":false},"excerpt":{"rendered":"<p>Dise\u00f1ado por Hella Jongerius para Vitra, el sof\u00e1 Polder marca el inicio de las extensas colaboraciones de la dise\u00f1adora con la marca Suiza. Estructura en madera revestida en espuma con acabado en varios tejidos en paleta de azules y grises, detalle artesanal de los botones que marcan su identidad.<\/p>\n","protected":false},"featured_media":18142,"template":"","meta":{"_acf_changed":false,"inline_featured_image":false},"product_brand":[],"product_cat":[690,697],"product_tag":[762,848],"class_list":{"0":"post-13236","1":"product","2":"type-product","3":"status-publish","4":"has-post-thumbnail","6":"product_cat-hogar","7":"product_cat-sofas-y-sillones","8":"product_tag-hella-jongerius-es","9":"product_tag-vitra-es","11":"first","12":"outofstock","13":"shipping-taxable","14":"purchasable","15":"product-type-simple"},"acf":[],"aioseo_notices":[],"_links":{"self":[{"href":"https:\/\/ikonisch.pt\/es\/wp-json\/wp\/v2\/product\/13236","targetHints":{"allow":["GET"]}}],"collection":[{"href":"https:\/\/ikonisch.pt\/es\/wp-json\/wp\/v2\/product"}],"about":[{"href":"https:\/\/ikonisch.pt\/es\/wp-json\/wp\/v2\/types\/product"}],"wp:featuredmedia":[{"embeddable":true,"href":"https:\/\/ikonisch.pt\/es\/wp-json\/wp\/v2\/media\/18142"}],"wp:attachment":[{"href":"https:\/\/ikonisch.pt\/es\/wp-json\/wp\/v2\/media?parent=13236"}],"wp:term":[{"taxonomy":"product_brand","embeddable":true,"href":"https:\/\/ikonisch.pt\/es\/wp-json\/wp\/v2\/product_brand?post=13236"},{"taxonomy":"product_cat","embeddable":true,"href":"https:\/\/ikonisch.pt\/es\/wp-json\/wp\/v2\/product_cat?post=13236"},{"taxonomy":"product_tag","embeddable":true,"href":"https:\/\/ikonisch.pt\/es\/wp-json\/wp\/v2\/product_tag?post=13236"}],"curies":[{"name":"wp","href":"https:\/\/api.w.org\/{rel}","templated":true}]}}