{"id":13239,"date":"2022-08-29T13:20:19","date_gmt":"2022-08-29T13:20:19","guid":{"rendered":"https:\/\/ikonisch.pt\/produtos\/sofa-doble-quadrat\/"},"modified":"2023-06-02T17:15:15","modified_gmt":"2023-06-02T17:15:15","slug":"sofa-doble-quadrat","status":"publish","type":"product","link":"https:\/\/ikonisch.pt\/es\/produtos\/sofa-doble-quadrat\/","title":{"rendered":"Sof\u00e1 Doble Quadrat"},"content":{"rendered":"","protected":false},"excerpt":{"rendered":"<p>Sof\u00e1 dise\u00f1ado por Lievore Altherr Molina para delaOliva que ofrece calidad y dise\u00f1o en una colecci\u00f3n elegante, contempor\u00e1nea y moderna.<\/p>\n<p>Solo tenemos disponible sof\u00e1 doble. Estructura, asiento y respaldo recubiertos de cuero sint\u00e9tico negra. Pies en aluminio pulido.<\/p>\n","protected":false},"featured_media":10734,"template":"","meta":{"_acf_changed":false,"inline_featured_image":false},"product_brand":[],"product_cat":[697],"product_tag":[],"class_list":{"0":"post-13239","1":"product","2":"type-product","3":"status-publish","4":"has-post-thumbnail","6":"product_cat-sofas-y-sillones","8":"first","9":"outofstock","10":"shipping-taxable","11":"purchasable","12":"product-type-simple"},"acf":[],"aioseo_notices":[],"_links":{"self":[{"href":"https:\/\/ikonisch.pt\/es\/wp-json\/wp\/v2\/product\/13239","targetHints":{"allow":["GET"]}}],"collection":[{"href":"https:\/\/ikonisch.pt\/es\/wp-json\/wp\/v2\/product"}],"about":[{"href":"https:\/\/ikonisch.pt\/es\/wp-json\/wp\/v2\/types\/product"}],"wp:featuredmedia":[{"embeddable":true,"href":"https:\/\/ikonisch.pt\/es\/wp-json\/wp\/v2\/media\/10734"}],"wp:attachment":[{"href":"https:\/\/ikonisch.pt\/es\/wp-json\/wp\/v2\/media?parent=13239"}],"wp:term":[{"taxonomy":"product_brand","embeddable":true,"href":"https:\/\/ikonisch.pt\/es\/wp-json\/wp\/v2\/product_brand?post=13239"},{"taxonomy":"product_cat","embeddable":true,"href":"https:\/\/ikonisch.pt\/es\/wp-json\/wp\/v2\/product_cat?post=13239"},{"taxonomy":"product_tag","embeddable":true,"href":"https:\/\/ikonisch.pt\/es\/wp-json\/wp\/v2\/product_tag?post=13239"}],"curies":[{"name":"wp","href":"https:\/\/api.w.org\/{rel}","templated":true}]}}