{"id":13241,"date":"2022-01-28T10:56:21","date_gmt":"2022-01-28T10:56:21","guid":{"rendered":"https:\/\/ikonisch.pt\/produtos\/sillon-i2i-steelcase\/"},"modified":"2023-06-02T17:48:16","modified_gmt":"2023-06-02T17:48:16","slug":"sillon-i2i-steelcase","status":"publish","type":"product","link":"https:\/\/ikonisch.pt\/es\/produtos\/sillon-i2i-steelcase\/","title":{"rendered":"Sill\u00f3n i2i &#8211; Steelcase"},"content":{"rendered":"","protected":false},"excerpt":{"rendered":"<p>Sill\u00f3n individual, con brazos y giratorio. Respaldo en PP con revestimiento en red y asiento con coj\u00edn en espuma moldeada recubierta de tela. Base de pie central giratoria en aluminio pulido.<\/p>\n","protected":false},"featured_media":10394,"template":"","meta":{"_acf_changed":false,"inline_featured_image":false},"product_brand":[],"product_cat":[697],"product_tag":[831],"class_list":{"0":"post-13241","1":"product","2":"type-product","3":"status-publish","4":"has-post-thumbnail","6":"product_cat-sofas-y-sillones","7":"product_tag-steelcase-es","9":"first","10":"outofstock","11":"shipping-taxable","12":"purchasable","13":"product-type-simple"},"acf":[],"aioseo_notices":[],"_links":{"self":[{"href":"https:\/\/ikonisch.pt\/es\/wp-json\/wp\/v2\/product\/13241","targetHints":{"allow":["GET"]}}],"collection":[{"href":"https:\/\/ikonisch.pt\/es\/wp-json\/wp\/v2\/product"}],"about":[{"href":"https:\/\/ikonisch.pt\/es\/wp-json\/wp\/v2\/types\/product"}],"wp:featuredmedia":[{"embeddable":true,"href":"https:\/\/ikonisch.pt\/es\/wp-json\/wp\/v2\/media\/10394"}],"wp:attachment":[{"href":"https:\/\/ikonisch.pt\/es\/wp-json\/wp\/v2\/media?parent=13241"}],"wp:term":[{"taxonomy":"product_brand","embeddable":true,"href":"https:\/\/ikonisch.pt\/es\/wp-json\/wp\/v2\/product_brand?post=13241"},{"taxonomy":"product_cat","embeddable":true,"href":"https:\/\/ikonisch.pt\/es\/wp-json\/wp\/v2\/product_cat?post=13241"},{"taxonomy":"product_tag","embeddable":true,"href":"https:\/\/ikonisch.pt\/es\/wp-json\/wp\/v2\/product_tag?post=13241"}],"curies":[{"name":"wp","href":"https:\/\/api.w.org\/{rel}","templated":true}]}}