{"id":13246,"date":"2022-08-29T14:17:22","date_gmt":"2022-08-29T14:17:22","guid":{"rendered":"https:\/\/ikonisch.pt\/produtos\/silla-operativa-gesture-steelcase\/"},"modified":"2023-06-03T09:48:45","modified_gmt":"2023-06-03T09:48:45","slug":"silla-operativa-gesture-steelcase","status":"publish","type":"product","link":"https:\/\/ikonisch.pt\/es\/produtos\/silla-operativa-gesture-steelcase\/","title":{"rendered":"Silla Operativa Gesture &#8211; Steelcase"},"content":{"rendered":"","protected":false},"excerpt":{"rendered":"<p>Inspirada en los movimientos naturales del cuerpo humano, la silla Gesture fue la primera en ser concebida para las interacciones tecnol\u00f3gicas del d\u00eda a d\u00eda. Su sistema de asiento y respaldo sincronizados le permite al usuario sentirse c\u00f3modo siguiendo sus movimientos naturales durante la jornada de trabajo. Silla operativa, giratoria y redonda de respaldo medio. Asiento y respaldo en tejido, reposabrazos en polipropileno ajustables en altura, amplitud y separaci\u00f3n. Base de cinco radios en pl\u00e1stico y sistema de elevaci\u00f3n neum\u00e1tica. Regulaci\u00f3n del asiento en profundidad y sistema de reclinaci\u00f3n del respaldo con palanca de presi\u00f3n en tres niveles de posicionamiento.<\/p>\n","protected":false},"featured_media":10782,"template":"","meta":{"_acf_changed":false,"inline_featured_image":false},"product_brand":[],"product_cat":[691],"product_tag":[831],"class_list":{"0":"post-13246","1":"product","2":"type-product","3":"status-publish","4":"has-post-thumbnail","6":"product_cat-oficina","7":"product_tag-steelcase-es","9":"first","10":"outofstock","11":"shipping-taxable","12":"purchasable","13":"product-type-simple"},"acf":[],"aioseo_notices":[],"_links":{"self":[{"href":"https:\/\/ikonisch.pt\/es\/wp-json\/wp\/v2\/product\/13246","targetHints":{"allow":["GET"]}}],"collection":[{"href":"https:\/\/ikonisch.pt\/es\/wp-json\/wp\/v2\/product"}],"about":[{"href":"https:\/\/ikonisch.pt\/es\/wp-json\/wp\/v2\/types\/product"}],"wp:featuredmedia":[{"embeddable":true,"href":"https:\/\/ikonisch.pt\/es\/wp-json\/wp\/v2\/media\/10782"}],"wp:attachment":[{"href":"https:\/\/ikonisch.pt\/es\/wp-json\/wp\/v2\/media?parent=13246"}],"wp:term":[{"taxonomy":"product_brand","embeddable":true,"href":"https:\/\/ikonisch.pt\/es\/wp-json\/wp\/v2\/product_brand?post=13246"},{"taxonomy":"product_cat","embeddable":true,"href":"https:\/\/ikonisch.pt\/es\/wp-json\/wp\/v2\/product_cat?post=13246"},{"taxonomy":"product_tag","embeddable":true,"href":"https:\/\/ikonisch.pt\/es\/wp-json\/wp\/v2\/product_tag?post=13246"}],"curies":[{"name":"wp","href":"https:\/\/api.w.org\/{rel}","templated":true}]}}