{"id":13247,"date":"2022-08-02T11:50:48","date_gmt":"2022-08-02T11:50:48","guid":{"rendered":"https:\/\/ikonisch.pt\/produtos\/silla-operativa-leap-v2-steelcase\/"},"modified":"2025-09-16T11:28:40","modified_gmt":"2025-09-16T11:28:40","slug":"silla-operativa-leap-v2-steelcase","status":"publish","type":"product","link":"https:\/\/ikonisch.pt\/es\/produtos\/silla-operativa-leap-v2-steelcase\/","title":{"rendered":"Silla Operativa Leap V2 &#8211; Steelcase"},"content":{"rendered":"","protected":false},"excerpt":{"rendered":"<p>Silla giratoria y redonda de respaldo mediano. Asiento y respaldo en tela y brazos de goma. Base de cinco radios en poliuretano y sistema de elevaci\u00f3n neum\u00e1tica. Regulaci\u00f3n del asiento en profundidad, reclinaci\u00f3n de respaldo con sistema LiveBack\u00ae y soporte lumbar, ambos con palanca de presi\u00f3n.<\/p>\n<p>Silla con nuevos brazos, nueva espuma, nuevas ruedas, nuevo amortiguador \u00abgasfit\u00bb y nuevo tejido Trevira negro.<\/p>\n<p>\u2055 Garant\u00eda de 5 a\u00f1os.<br \/>\n\u2055 Plazo de entrega: de 5 a 10 d\u00edas laborables.<\/p>\n<p><strong>Realizamos entregas a nivel mundial. Para env\u00edos fuera de Portugal y Espa\u00f1a, por favor, cont\u00e1ctenos para recibir un presupuesto personalizado.<\/strong><\/p>\n<p>Para m\u00e1s informaci\u00f3n sobre precios, p\u00f3ngase en contacto con nosotros por correo electr\u00f3nico en\u00a0<a href=\"mailto:info@ikonisch.pt\"><strong>info@ikonisch.pt<\/strong><\/a>\u00a0o por tel\u00e9fono en el\u00a0<strong>+351 913 068 270<\/strong>.<\/p>\n","protected":false},"featured_media":31077,"template":"","meta":{"_acf_changed":false,"inline_featured_image":false},"product_brand":[],"product_cat":[691],"product_tag":[831],"class_list":{"0":"post-13247","1":"product","2":"type-product","3":"status-publish","4":"has-post-thumbnail","6":"product_cat-oficina","7":"product_tag-steelcase-es","9":"first","10":"instock","11":"shipping-taxable","12":"purchasable","13":"product-type-simple"},"acf":[],"aioseo_notices":[],"_links":{"self":[{"href":"https:\/\/ikonisch.pt\/es\/wp-json\/wp\/v2\/product\/13247","targetHints":{"allow":["GET"]}}],"collection":[{"href":"https:\/\/ikonisch.pt\/es\/wp-json\/wp\/v2\/product"}],"about":[{"href":"https:\/\/ikonisch.pt\/es\/wp-json\/wp\/v2\/types\/product"}],"wp:featuredmedia":[{"embeddable":true,"href":"https:\/\/ikonisch.pt\/es\/wp-json\/wp\/v2\/media\/31077"}],"wp:attachment":[{"href":"https:\/\/ikonisch.pt\/es\/wp-json\/wp\/v2\/media?parent=13247"}],"wp:term":[{"taxonomy":"product_brand","embeddable":true,"href":"https:\/\/ikonisch.pt\/es\/wp-json\/wp\/v2\/product_brand?post=13247"},{"taxonomy":"product_cat","embeddable":true,"href":"https:\/\/ikonisch.pt\/es\/wp-json\/wp\/v2\/product_cat?post=13247"},{"taxonomy":"product_tag","embeddable":true,"href":"https:\/\/ikonisch.pt\/es\/wp-json\/wp\/v2\/product_tag?post=13247"}],"curies":[{"name":"wp","href":"https:\/\/api.w.org\/{rel}","templated":true}]}}