{"id":13248,"date":"2022-10-07T14:51:34","date_gmt":"2022-10-07T14:51:34","guid":{"rendered":"https:\/\/ikonisch.pt\/produtos\/silla-operativa-lotus-capellini\/"},"modified":"2023-06-03T09:56:06","modified_gmt":"2023-06-03T09:56:06","slug":"silla-operativa-lotus-capellini","status":"publish","type":"product","link":"https:\/\/ikonisch.pt\/es\/produtos\/silla-operativa-lotus-capellini\/","title":{"rendered":"Silla Operativa Lotus &#8211; Capellini"},"content":{"rendered":"","protected":false},"excerpt":{"rendered":"<p>Dise\u00f1ada por Jasper Morrison para Cappellini, la silla Lotus fusiona ergonom\u00eda y sofisticaci\u00f3n en un dise\u00f1o simple. Silla operativa redonda y giratoria de respaldo mediano. Estructura en madera contrachapada de faia bajo capas de espuma de poliuretano, que confiere mayor resistencia en menor espesor y dibuja el efecto tridimensional de la espalda y el asiento. Base de cinco radios y estructura de los brazos en aluminio inyectado cromado, sistema de elevaci\u00f3n neum\u00e1tica y reclinaci\u00f3n de respaldo. Acabado final en tela Hallingdal 2 ref. \u00aa 569H.<\/p>\n","protected":false},"featured_media":10893,"template":"","meta":{"_acf_changed":false,"inline_featured_image":false},"product_brand":[],"product_cat":[691],"product_tag":[730,773],"class_list":{"0":"post-13248","1":"product","2":"type-product","3":"status-publish","4":"has-post-thumbnail","6":"product_cat-oficina","7":"product_tag-cappellini-es","8":"product_tag-jasper-morrison-es","10":"first","11":"outofstock","12":"shipping-taxable","13":"purchasable","14":"product-type-simple"},"acf":[],"aioseo_notices":[],"_links":{"self":[{"href":"https:\/\/ikonisch.pt\/es\/wp-json\/wp\/v2\/product\/13248","targetHints":{"allow":["GET"]}}],"collection":[{"href":"https:\/\/ikonisch.pt\/es\/wp-json\/wp\/v2\/product"}],"about":[{"href":"https:\/\/ikonisch.pt\/es\/wp-json\/wp\/v2\/types\/product"}],"wp:featuredmedia":[{"embeddable":true,"href":"https:\/\/ikonisch.pt\/es\/wp-json\/wp\/v2\/media\/10893"}],"wp:attachment":[{"href":"https:\/\/ikonisch.pt\/es\/wp-json\/wp\/v2\/media?parent=13248"}],"wp:term":[{"taxonomy":"product_brand","embeddable":true,"href":"https:\/\/ikonisch.pt\/es\/wp-json\/wp\/v2\/product_brand?post=13248"},{"taxonomy":"product_cat","embeddable":true,"href":"https:\/\/ikonisch.pt\/es\/wp-json\/wp\/v2\/product_cat?post=13248"},{"taxonomy":"product_tag","embeddable":true,"href":"https:\/\/ikonisch.pt\/es\/wp-json\/wp\/v2\/product_tag?post=13248"}],"curies":[{"name":"wp","href":"https:\/\/api.w.org\/{rel}","templated":true}]}}