{"id":13249,"date":"2021-09-01T11:49:43","date_gmt":"2021-09-01T11:49:43","guid":{"rendered":"https:\/\/ikonisch.pt\/produtos\/silla-operativa-rollingframe-alias\/"},"modified":"2023-06-03T09:59:44","modified_gmt":"2023-06-03T09:59:44","slug":"silla-operativa-rollingframe-alias","status":"publish","type":"product","link":"https:\/\/ikonisch.pt\/es\/produtos\/silla-operativa-rollingframe-alias\/","title":{"rendered":"Silla Operativa Rollingframe &#8211; Alias"},"content":{"rendered":"<p>La empresa italiana Alias fue lanzada en 1979, produciendo muebles de considerable importancia para el desarrollo del dise\u00f1o de interiores italiano. Versatilidad, innovaci\u00f3n y ligereza tecnol\u00f3gica son los valores primordiales de la empresa y la principal motivaci\u00f3n para que varios dise\u00f1adores de renombre asocien su nombre con el de Alias. A lo largo de los a\u00f1os, Alias ha logrado llevar el talento de cada uno de estos dise\u00f1adores al primer plano de su gama de productos.<\/p>\n","protected":false},"excerpt":{"rendered":"<p>Silla operativa, respaldo medio, con reposabrazos fijos. Asiento y espalda en tela \u00abmesh\u00bb. Estructura integral en aluminio cromado con base de cinco radios.<\/p>\n","protected":false},"featured_media":9688,"template":"","meta":{"_acf_changed":false,"inline_featured_image":false},"product_brand":[],"product_cat":[691],"product_tag":[1230,701],"class_list":{"0":"post-13249","1":"product","2":"type-product","3":"status-publish","4":"has-post-thumbnail","6":"product_cat-oficina","7":"product_tag-alberto-meda-es","8":"product_tag-alias-es","10":"first","11":"outofstock","12":"shipping-taxable","13":"purchasable","14":"product-type-simple"},"acf":[],"aioseo_notices":[],"_links":{"self":[{"href":"https:\/\/ikonisch.pt\/es\/wp-json\/wp\/v2\/product\/13249","targetHints":{"allow":["GET"]}}],"collection":[{"href":"https:\/\/ikonisch.pt\/es\/wp-json\/wp\/v2\/product"}],"about":[{"href":"https:\/\/ikonisch.pt\/es\/wp-json\/wp\/v2\/types\/product"}],"wp:featuredmedia":[{"embeddable":true,"href":"https:\/\/ikonisch.pt\/es\/wp-json\/wp\/v2\/media\/9688"}],"wp:attachment":[{"href":"https:\/\/ikonisch.pt\/es\/wp-json\/wp\/v2\/media?parent=13249"}],"wp:term":[{"taxonomy":"product_brand","embeddable":true,"href":"https:\/\/ikonisch.pt\/es\/wp-json\/wp\/v2\/product_brand?post=13249"},{"taxonomy":"product_cat","embeddable":true,"href":"https:\/\/ikonisch.pt\/es\/wp-json\/wp\/v2\/product_cat?post=13249"},{"taxonomy":"product_tag","embeddable":true,"href":"https:\/\/ikonisch.pt\/es\/wp-json\/wp\/v2\/product_tag?post=13249"}],"curies":[{"name":"wp","href":"https:\/\/api.w.org\/{rel}","templated":true}]}}