{"id":13251,"date":"2021-09-01T11:49:43","date_gmt":"2021-09-01T11:49:43","guid":{"rendered":"https:\/\/ikonisch.pt\/produtos\/silla-una-management-icf\/"},"modified":"2023-06-03T10:10:12","modified_gmt":"2023-06-03T10:10:12","slug":"silla-una-management-icf","status":"publish","type":"product","link":"https:\/\/ikonisch.pt\/es\/produtos\/silla-una-management-icf\/","title":{"rendered":"Silla Una Management &#8211; ICF"},"content":{"rendered":"<p>Nuestra filosof\u00eda de trabajo gira en torno a las personas y sus compromisos diarios: la artesan\u00eda y las m\u00e1quinas altamente especializadas est\u00e1n detr\u00e1s de los detalles que transmiten la tradici\u00f3n de nuestros procesos de fabricaci\u00f3n de muebles y sillas. De las formas de las piezas de aluminio fundido a los procesos artesanales de tapicer\u00eda, todo se traduce en objetos de una belleza perfecta y con identidades claras.<\/p>\n","protected":false},"excerpt":{"rendered":"<p>Silla ejecutiva, respaldo alto, con reposabrazos fijos, giratoria con sistema de retorno autom\u00e1tico. Estructura en aluminio pulido y asiento y respaldo en cuero natural.<\/p>\n","protected":false},"featured_media":10164,"template":"","meta":{"_acf_changed":false,"inline_featured_image":false},"product_brand":[],"product_cat":[691],"product_tag":[768],"class_list":{"0":"post-13251","1":"product","2":"type-product","3":"status-publish","4":"has-post-thumbnail","6":"product_cat-oficina","7":"product_tag-icf-es","9":"first","10":"outofstock","11":"shipping-taxable","12":"purchasable","13":"product-type-simple"},"acf":[],"aioseo_notices":[],"_links":{"self":[{"href":"https:\/\/ikonisch.pt\/es\/wp-json\/wp\/v2\/product\/13251","targetHints":{"allow":["GET"]}}],"collection":[{"href":"https:\/\/ikonisch.pt\/es\/wp-json\/wp\/v2\/product"}],"about":[{"href":"https:\/\/ikonisch.pt\/es\/wp-json\/wp\/v2\/types\/product"}],"wp:featuredmedia":[{"embeddable":true,"href":"https:\/\/ikonisch.pt\/es\/wp-json\/wp\/v2\/media\/10164"}],"wp:attachment":[{"href":"https:\/\/ikonisch.pt\/es\/wp-json\/wp\/v2\/media?parent=13251"}],"wp:term":[{"taxonomy":"product_brand","embeddable":true,"href":"https:\/\/ikonisch.pt\/es\/wp-json\/wp\/v2\/product_brand?post=13251"},{"taxonomy":"product_cat","embeddable":true,"href":"https:\/\/ikonisch.pt\/es\/wp-json\/wp\/v2\/product_cat?post=13251"},{"taxonomy":"product_tag","embeddable":true,"href":"https:\/\/ikonisch.pt\/es\/wp-json\/wp\/v2\/product_tag?post=13251"}],"curies":[{"name":"wp","href":"https:\/\/api.w.org\/{rel}","templated":true}]}}