{"id":13253,"date":"2022-03-15T10:39:31","date_gmt":"2022-03-15T10:39:31","guid":{"rendered":"https:\/\/ikonisch.pt\/produtos\/silla-supporto-baja-rodada-hille\/"},"modified":"2023-06-03T10:16:58","modified_gmt":"2023-06-03T10:16:58","slug":"silla-supporto-baja-rodada-hille","status":"publish","type":"product","link":"https:\/\/ikonisch.pt\/es\/produtos\/silla-supporto-baja-rodada-hille\/","title":{"rendered":"Silla Supporto (Baja Rodada) &#8211; Hille"},"content":{"rendered":"","protected":false},"excerpt":{"rendered":"<p>Dise\u00f1ada por Frederick Scott para Hille, la silla Supporto se distingue por su calidad de construcci\u00f3n y materiales nobles. Uno de los designios para el dise\u00f1o de esta silla fue promover el confort para quien se sienta por largos per\u00edodos de tiempo. A esta caracter\u00edstica ergon\u00f3mica se une un dise\u00f1o que rompe con las corrientes de la \u00e9poca, acabando por influenciar el mobiliario de oficina hasta los d\u00edas de hoy. A Scott se le conceden varios premios, destacando en 1982 el Design Award del Design Council. Silla de respaldo bajo, giratoria y redonda de reposabrazos fijos. Pies y estructura de respaldo en aluminio moldeado pintados en antracita. Tapicer\u00eda recubierta en cuero natural negro. Sistema de elevaci\u00f3n neum\u00e1tico y de reclinaci\u00f3n de la espalda con memoria.<\/p>\n","protected":false},"featured_media":10587,"template":"","meta":{"_acf_changed":false,"inline_featured_image":false},"product_brand":[],"product_cat":[691],"product_tag":[765],"class_list":{"0":"post-13253","1":"product","2":"type-product","3":"status-publish","4":"has-post-thumbnail","6":"product_cat-oficina","7":"product_tag-hille-es","9":"first","10":"outofstock","11":"shipping-taxable","12":"purchasable","13":"product-type-simple"},"acf":[],"aioseo_notices":[],"_links":{"self":[{"href":"https:\/\/ikonisch.pt\/es\/wp-json\/wp\/v2\/product\/13253","targetHints":{"allow":["GET"]}}],"collection":[{"href":"https:\/\/ikonisch.pt\/es\/wp-json\/wp\/v2\/product"}],"about":[{"href":"https:\/\/ikonisch.pt\/es\/wp-json\/wp\/v2\/types\/product"}],"wp:featuredmedia":[{"embeddable":true,"href":"https:\/\/ikonisch.pt\/es\/wp-json\/wp\/v2\/media\/10587"}],"wp:attachment":[{"href":"https:\/\/ikonisch.pt\/es\/wp-json\/wp\/v2\/media?parent=13253"}],"wp:term":[{"taxonomy":"product_brand","embeddable":true,"href":"https:\/\/ikonisch.pt\/es\/wp-json\/wp\/v2\/product_brand?post=13253"},{"taxonomy":"product_cat","embeddable":true,"href":"https:\/\/ikonisch.pt\/es\/wp-json\/wp\/v2\/product_cat?post=13253"},{"taxonomy":"product_tag","embeddable":true,"href":"https:\/\/ikonisch.pt\/es\/wp-json\/wp\/v2\/product_tag?post=13253"}],"curies":[{"name":"wp","href":"https:\/\/api.w.org\/{rel}","templated":true}]}}